{"id":2031,"date":"2022-03-07T10:39:27","date_gmt":"2022-03-07T09:39:27","guid":{"rendered":"https:\/\/www.brunngard.com\/shoe-shame"},"modified":"2024-10-09T12:16:56","modified_gmt":"2024-10-09T10:16:56","slug":"shoe-shame","status":"publish","type":"page","link":"https:\/\/www.brunngard.com\/sv\/vara-varumarken\/shoe-shame","title":{"rendered":"Shoe Shame"},"content":{"rendered":"\n<div class=\"hero&#x20;mc&#x20;mc--m&#x20;lw&#x20;lw--cntnt\">\n  <div class=\"hero__inner color-theme-white\">\n    <div class=\"hero__images\">\n              <div class=\"hero__image\">\n            \n\n\n<div class=\"image&#x20;image--object-fit\">\n      <img fetchpriority=\"high\" decoding=\"async\" width=\"2048\" height=\"2560\" src=\"https:\/\/www.brunngard.com\/wp-content\/uploads\/2022\/03\/DSC08168-scaled.jpg\" class=\"attachment- size-\" alt=\"\" loading=\"eager\" srcset=\"https:\/\/www.brunngard.com\/wp-content\/uploads\/2022\/03\/DSC08168-scaled.jpg 2048w, https:\/\/www.brunngard.com\/wp-content\/uploads\/2022\/03\/DSC08168-240x300.jpg 240w, https:\/\/www.brunngard.com\/wp-content\/uploads\/2022\/03\/DSC08168-819x1024.jpg 819w, https:\/\/www.brunngard.com\/wp-content\/uploads\/2022\/03\/DSC08168-120x150.jpg 120w, https:\/\/www.brunngard.com\/wp-content\/uploads\/2022\/03\/DSC08168-768x960.jpg 768w, https:\/\/www.brunngard.com\/wp-content\/uploads\/2022\/03\/DSC08168-1229x1536.jpg 1229w, https:\/\/www.brunngard.com\/wp-content\/uploads\/2022\/03\/DSC08168-1639x2048.jpg 1639w, https:\/\/www.brunngard.com\/wp-content\/uploads\/2022\/03\/DSC08168-13x16.jpg 13w\" sizes=\"(max-width: 2048px) 100vw, 2048px\" \/>\n  <\/div>\n\n        <\/div>\n          <\/div>\n      <\/div>\n<\/div>  \n  <div class=\"breadcrumbs&#x20;mc&#x20;mc--l&#x20;lw&#x20;lw--cntnt-pd\">\n    <div class=\"breadcrumbs__inner\">\n              <span><span><a href=\"https:\/\/www.brunngard.com\/sv\"><span class=\"breadcrumbs__home-text\">Hem<\/span><span class=\"breadcrumbs__home-icon\">\n<span class=\"icon\">\n    <svg xmlns=\"http:\/\/www.w3.org\/2000\/svg\" aria-hidden=\"true\" focusable=\"false\" id=\"svg-69f20e1e4d4e4\" viewBox=\"0 0 16.55 20\"><path d=\"M2.76 20A2.76 2.76 0 0 1 0 17.24V7.95a2 2 0 0 1 .58-1.4L6.33.8a2.76 2.76 0 0 1 3.9 0l5.74 5.74a2 2 0 0 1 .59 1.4V17.26A2.76 2.76 0 0 1 13.79 20ZM8.92 2.1l5.79 5.8v9.34a.92.92 0 0 1-.92.92h-2.76v-4.6a2.76 2.76 0 1 0-5.51 0v4.6H2.76a.92.92 0 0 1-.92-.92V7.9l5.78-5.78a.92.92 0 0 1 1.3 0Z\" fill-rule=\"evenodd\"><\/path><\/svg>\n<\/span><\/span><\/a><\/span>\n          <\/div>\n  <\/div>\n\n<div class=\"marked-section&#x20;marked-section--offset\">\n  <div class=\"marked-section__inner bw bw--lw\">\n    \n<h2 class=\"marked-heading&#x20;lw&#x20;lw--fw&#x20;bw--lw&#x20;h1&#x20;is-style-big\">\n  <div class=\"marked-heading__inner lw lw--slm-cntnt-pd\">\n    <span>Shoe Shame<\/span>\n  <\/div>\n<\/h2>\n    <div class=\"marked-section__columns lw lw--slm-cntnt-pd\">\n      <div class=\"marked-section__content bw\">\n        \n\n<p>Inga fler smutsiga sneakers! Shoe Shame har som ambition att en g\u00e5ng f\u00f6r alla eliminera skitiga sneakers fr\u00e5n gatorna. Med starka band till mode och streetwear, och drivna av en passion f\u00f6r sneakers, anv\u00e4nder vi v\u00e5r expertis f\u00f6r att utveckla de mest effektiva och anv\u00e4ndarv\u00e4nliga produkterna p\u00e5 marknaden f\u00f6r att h\u00e5lla alla sneakers i toppskick.<\/p>\n\n\n\n<div class=\"icon-li&#x20;is-style-default&#x20;mc&#x20;mc--s&#x20;lw&#x20;lw--txt\">\n  <a class=\"icon-li__inner\" href=\"https&#x3A;&#x2F;&#x2F;www.shoeshame.com&#x2F;se&#x2F;\" target=\"_blank\" rel=\"noreferrer&#x20;noopener\">\n    \n<span class=\"icon\">\n    <svg xmlns=\"http:\/\/www.w3.org\/2000\/svg\" aria-hidden=\"true\" focusable=\"false\" id=\"svg-69f20e1e4f9b2\" viewBox=\"0 0 20 20\"><path d=\"m13.432 10 1.716 1.716 3.431-3.431a4.853 4.853 0 0 0-6.863-6.863L8.285 4.853l1.714 1.716 3.431-3.431a2.426 2.426 0 1 1 3.431 3.431ZM10 13.432l1.716 1.716-3.431 3.431a4.853 4.853 0 0 1-6.863-6.863l3.431-3.431 1.716 1.714-3.432 3.433a2.426 2.426 0 0 0 3.431 3.431Z\"><\/path><path d=\"M13.435 8.285a1.213 1.213 0 0 0-1.716-1.716l-5.15 5.147a1.214 1.214 0 0 0 1.716 1.719Z\"><\/path><\/svg>\n<\/span>\n    <span class=\"icon-li__text\"><strong>Website<\/strong>\r\nwww.shoeshame.com<\/span>\n  <\/a><\/div>\n\n\n<div class=\"icon-li&#x20;is-style-default&#x20;lw&#x20;lw--txt\">\n  <a class=\"icon-li__inner\" href=\"https&#x3A;&#x2F;&#x2F;www.instagram.com&#x2F;shoeshame_com&#x2F;\" target=\"_blank\" rel=\"noreferrer&#x20;noopener\">\n    \n<span class=\"icon\">\n    <svg xmlns=\"http:\/\/www.w3.org\/2000\/svg\" aria-hidden=\"true\" focusable=\"false\" id=\"svg-69f20e1e4feb1\" viewBox=\"0 0 22 22\"><path d=\"M11 6a5 5 0 1 0 5 5 5 5 0 0 0-5-5Zm-3 5a3 3 0 1 0 3-3 3 3 0 0 0-3 3Z\" fill-rule=\"evenodd\"><\/path><path d=\"M17 4a1 1 0 1 0 1 1 1 1 0 0 0-1-1Z\"><\/path><path d=\"M4 0a4 4 0 0 0-4 4v14a4 4 0 0 0 4 4h14a4 4 0 0 0 4-4V4a4 4 0 0 0-4-4Zm14 2H4a2 2 0 0 0-2 2v14a2 2 0 0 0 2 2h14a2 2 0 0 0 2-2V4a2 2 0 0 0-2-2Z\" fill-rule=\"evenodd\"><\/path><\/svg>\n<\/span>\n    <span class=\"icon-li__text\"><strong>Instagram<\/strong>\r\n@shoeshame_com<\/span>\n  <\/a><\/div>\n\n      <\/div>\n      <div class=\"marked-section__sidebar bw\">\n                                          \n\n\n<div class=\"image\">\n      <img width=\"529\" height=\"298\" data-src=\"https:\/\/www.brunngard.com\/wp-content\/uploads\/2022\/04\/shoeshame-logo-padded-333.svg\" class=\"lazyload\" alt=\"\" data-sizes=\"auto\" \/>\n  <\/div>\n\n                        <\/div>\n    <\/div>\n  <\/div>\n<\/div><div class=\"hammer&#x20;is-style-head-left&#x20;lw&#x20;lw--cntnt-pd\">\n  <div class=\"hammer__inner\">\n    <div class=\"hammer__head\">\n      <div class=\"hammer__image\">\n          \n\n\n<div class=\"image&#x20;image--object-fit&#x20;image--object-fit--contain\">\n      <img width=\"1920\" height=\"1080\" data-src=\"https:\/\/www.brunngard.com\/wp-content\/uploads\/2022\/03\/Shoeshame.jpg\" class=\"lazyload\" alt=\"\" data-sizes=\"auto\" data-srcset=\"https:\/\/www.brunngard.com\/wp-content\/uploads\/2022\/03\/Shoeshame.jpg 1920w, https:\/\/www.brunngard.com\/wp-content\/uploads\/2022\/03\/Shoeshame-300x169.jpg 300w, https:\/\/www.brunngard.com\/wp-content\/uploads\/2022\/03\/Shoeshame-1024x576.jpg 1024w, https:\/\/www.brunngard.com\/wp-content\/uploads\/2022\/03\/Shoeshame-150x84.jpg 150w, https:\/\/www.brunngard.com\/wp-content\/uploads\/2022\/03\/Shoeshame-768x432.jpg 768w, https:\/\/www.brunngard.com\/wp-content\/uploads\/2022\/03\/Shoeshame-1536x864.jpg 1536w, https:\/\/www.brunngard.com\/wp-content\/uploads\/2022\/03\/Shoeshame-16x9.jpg 16w\" \/>\n  <\/div>\n\n      <\/div>\n    <\/div>\n    <div class=\"hammer__handle\">\n      <div class=\"hammer__content bw\">\n        \n\n<p>Shoe Shame vill fungera som allas lilla hj\u00e4lpreda, en v\u00e4nlig p\u00e5minnelse om att etablera en ny vana: att inkludera &#8221;skov\u00e5rd&#8221; i den dagliga rutinen, precis som att borsta t\u00e4nderna. Upplev stoltheten och gl\u00e4djen av rena fr\u00e4scha sneakers. <\/p>\n\n\n      <\/div>\n    <\/div>\n  <\/div>\n<\/div>\n<div class=\"iframe-viewer&#x20;lw&#x20;lw--txt-plus\">\n  <div class=\"iframe-viewer__inner\"\n    style=\"--aspect-ratio: 56.25%;\">\n          <button class=\"iframe-viewer__iframe-temp js-iframe-wrapper-iframe-temp\"\n        data-iframe=\"PGlmcmFtZSB0aXRsZT0iWW91VHViZSB2aWRlbyBwbGF5ZXIiIHNyYz0iaHR0cHM6Ly93d3cueW91dHViZS1ub2Nvb2tpZS5jb20vZW1iZWQvdWZScXhzQ3N5cEE\/YXV0b3BsYXk9MSIgd2lkdGg9IjU2MCIgaGVpZ2h0PSIzMTUiIGZyYW1lYm9yZGVyPSIwIiBhbGxvd2Z1bGxzY3JlZW49ImFsbG93ZnVsbHNjcmVlbiI+PC9pZnJhbWU+\">\n                    \n\n\n<div class=\"image&#x20;image--object-fit\">\n      <img width=\"1920\" height=\"1080\" data-src=\"https:\/\/www.brunngard.com\/wp-content\/uploads\/2022\/03\/Dust_of_your_sneakers.jpg\" class=\"lazyload\" alt=\"\" data-sizes=\"auto\" data-srcset=\"https:\/\/www.brunngard.com\/wp-content\/uploads\/2022\/03\/Dust_of_your_sneakers.jpg 1920w, https:\/\/www.brunngard.com\/wp-content\/uploads\/2022\/03\/Dust_of_your_sneakers-300x169.jpg 300w, https:\/\/www.brunngard.com\/wp-content\/uploads\/2022\/03\/Dust_of_your_sneakers-1024x576.jpg 1024w, https:\/\/www.brunngard.com\/wp-content\/uploads\/2022\/03\/Dust_of_your_sneakers-150x84.jpg 150w, https:\/\/www.brunngard.com\/wp-content\/uploads\/2022\/03\/Dust_of_your_sneakers-768x432.jpg 768w, https:\/\/www.brunngard.com\/wp-content\/uploads\/2022\/03\/Dust_of_your_sneakers-1536x864.jpg 1536w, https:\/\/www.brunngard.com\/wp-content\/uploads\/2022\/03\/Dust_of_your_sneakers-16x9.jpg 16w\" \/>\n  <\/div>\n\n                \n<span class=\"icon\">\n    <svg xmlns=\"http:\/\/www.w3.org\/2000\/svg\" aria-hidden=\"true\" focusable=\"false\" id=\"svg-69f20e1e5761d\" viewBox=\"0 0 122.13 122.13\"><path d=\"M61.07 111.03A49.96 49.96 0 1 0 11.1 61.07a49.96 49.96 0 0 0 49.97 49.96Zm0 11.1A61.07 61.07 0 1 0 0 61.07a61.07 61.07 0 0 0 61.07 61.06Z\" fill-rule=\"evenodd\"><\/path><path d=\"M83.27 61.07 49.97 85.1V37.03Z\"><\/path><\/svg>\n<\/span>\n      <\/button>\n      <\/div>\n<\/div>\n<div class=\"marked-section&#x20;marked-section--offset\">\n  <div class=\"marked-section__inner bw bw--lw\">\n    \n<h2 class=\"marked-heading&#x20;lw&#x20;lw--fw&#x20;bw--lw&#x20;h1&#x20;is-style-big\">\n  <div class=\"marked-heading__inner lw lw--cntnt-pd\">\n    <span>Kontakta oss<\/span>\n  <\/div>\n<\/h2>\n    <div class=\"marked-section__columns lw lw--cntnt-pd\">\n      <div class=\"marked-section__content bw\">\n        \n\n<p>Tveka inte p\u00e5 att kontakta oss, vi finns h\u00e4r f\u00f6r att hj\u00e4lpa er!<\/p>\n\n\n\n<div class=\"contact-spotlight&#x20;is-style-horizontal&#x20;lw&#x20;lw--cntnt-pd\">\n  <div class=\"contact-spotlight__inner\">\n        <div class=\"contact-spotlight__information\">\n      <h3 class=\"contact-spotlight__name\">\n        \n      <\/h3>\n      \n                <\/div>\n  <\/div>\n<\/div>\n\n      <\/div>\n      <div class=\"marked-section__sidebar bw\">\n                              <h2 class=\"h3\">Fyll i kontaktuppgifter<\/h2>\n\n            \n<div class=\"wpcf7 no-js\" id=\"wpcf7-f2074-o1\" lang=\"sv-SE\" dir=\"ltr\" data-wpcf7-id=\"2074\">\n<div class=\"screen-reader-response\"><p role=\"status\" aria-live=\"polite\" aria-atomic=\"true\"><\/p> <ul><\/ul><\/div>\n<form action=\"\/sv\/wp-json\/wp\/v2\/pages\/2031#wpcf7-f2074-o1\" method=\"post\" class=\"wpcf7-form init wpcf7-acceptance-as-validation\" aria-label=\"Kontaktformul\u00e4r\" novalidate=\"novalidate\" data-status=\"init\">\n<fieldset class=\"hidden-fields-container\"><input type=\"hidden\" name=\"_wpcf7\" value=\"2074\" \/><input type=\"hidden\" name=\"_wpcf7_version\" value=\"6.1.5\" \/><input type=\"hidden\" name=\"_wpcf7_locale\" value=\"sv_SE\" \/><input type=\"hidden\" name=\"_wpcf7_unit_tag\" value=\"wpcf7-f2074-o1\" \/><input type=\"hidden\" name=\"_wpcf7_container_post\" value=\"0\" \/><input type=\"hidden\" name=\"_wpcf7_posted_data_hash\" value=\"\" \/>\n<\/fieldset>\n<div class=\"fields fields--hide-deferred\">\n\t<div class=\"field\">\n\t\t<p><label class=\"field__box\"><span class=\"field__label\">Namn*<\/span><span class=\"wpcf7-form-control-wrap\" data-name=\"your-name\"><input size=\"40\" maxlength=\"400\" class=\"wpcf7-form-control wpcf7-text wpcf7-validates-as-required\" aria-required=\"true\" aria-invalid=\"false\" value=\"\" type=\"text\" name=\"your-name\" \/><\/span><\/label>\n\t\t<\/p>\n\t<\/div>\n\t<div class=\"field\">\n\t\t<p><label class=\"field__box\"><span class=\"field__label\">E-post eller telefon*<\/span><span class=\"wpcf7-form-control-wrap\" data-name=\"your-contact-info\"><input size=\"40\" maxlength=\"400\" class=\"wpcf7-form-control wpcf7-text wpcf7-validates-as-required\" aria-required=\"true\" aria-invalid=\"false\" value=\"\" type=\"text\" name=\"your-contact-info\" \/><\/span><\/label>\n\t\t<\/p>\n\t<\/div>\n\t<div class=\"field\">\n\t\t<p><label class=\"field__box\"><span class=\"field__label\">Meddelande<\/span><span class=\"wpcf7-form-control-wrap\" data-name=\"your-message\"><textarea cols=\"40\" rows=\"10\" maxlength=\"2000\" class=\"wpcf7-form-control wpcf7-textarea\" aria-invalid=\"false\" placeholder=\"Skriv h\u00e4r...\" name=\"your-message\"><\/textarea><\/span><\/label>\n\t\t<\/p>\n\t<\/div>\n\t<div class=\"field field--deferred\">\n\t\t<p><span class=\"wpcf7-form-control-wrap\" data-name=\"acceptance\"><span class=\"wpcf7-form-control wpcf7-acceptance\"><span class=\"wpcf7-list-item\"><label><input type=\"checkbox\" name=\"acceptance\" value=\"1\" aria-invalid=\"false\" \/><span class=\"wpcf7-list-item-label\">Genom att klicka p\u00e5 kryssrutan ber jag Brunng\u00e5rd att kontakta mig, i enlighet med deras <a href=\"\/privacy-policy\" target=\"_blank\">integritetspolicy<\/a>.<\/span><\/label><\/span><\/span><\/span>\n\t\t<\/p>\n\t<\/div>\n<div class=\"wpcf7-response-output\" aria-hidden=\"true\"><\/div>\n\t<p><input class=\"wpcf7-form-control wpcf7-submit has-spinner btn btn--solid btn--full-width\" type=\"submit\" value=\"Skicka\" \/>\n\t<\/p>\n<\/div>\n<\/form>\n<\/div>\n\n                                  <\/div>\n    <\/div>\n  <\/div>\n<\/div>\n<div class=\"postcard&#x20;is-style-center&#x20;mc&#x20;mc--none&#x20;lw&#x20;lw--fw\">\n  <div class=\"postcard__inner\">\n    <div class=\"postcard__image\">\n        \n\n\n<div class=\"image&#x20;image--object-fit\">\n      <img width=\"1920\" height=\"1080\" data-src=\"https:\/\/www.brunngard.com\/wp-content\/uploads\/2022\/03\/Natur_reusability1.jpg\" class=\"lazyload\" alt=\"\" data-sizes=\"auto\" data-srcset=\"https:\/\/www.brunngard.com\/wp-content\/uploads\/2022\/03\/Natur_reusability1.jpg 1920w, https:\/\/www.brunngard.com\/wp-content\/uploads\/2022\/03\/Natur_reusability1-300x169.jpg 300w, https:\/\/www.brunngard.com\/wp-content\/uploads\/2022\/03\/Natur_reusability1-1024x576.jpg 1024w, https:\/\/www.brunngard.com\/wp-content\/uploads\/2022\/03\/Natur_reusability1-150x84.jpg 150w, https:\/\/www.brunngard.com\/wp-content\/uploads\/2022\/03\/Natur_reusability1-768x432.jpg 768w, https:\/\/www.brunngard.com\/wp-content\/uploads\/2022\/03\/Natur_reusability1-1536x864.jpg 1536w, https:\/\/www.brunngard.com\/wp-content\/uploads\/2022\/03\/Natur_reusability1-16x9.jpg 16w\" \/>\n  <\/div>\n\n    <\/div>\n    <div class=\"postcard__content bw color-theme-white\">\n      \n\n<div class=\"kicker&#x20;aligncenter&#x20;lw&#x20;lw--txt\">\n  <div class=\"kicker__inner\">\n    Reusability\n  <\/div>\n<\/div>\n\n\n<h2 class=\"wp-block-heading has-text-align-center is-style-big\">Ta hand om dig sj\u00e4lv och dina \u00e4godelar<\/h2>\n\n\n\n<p class=\"has-text-align-center\">Vi vet alla att betydande livsstilsf\u00f6r\u00e4ndringar beh\u00f6vs f\u00f6r att bevara planetens resurser. Varje litet steg bidrar till en h\u00e5llbar framtid. Ingen kan g\u00f6ra allt, men alla kan g\u00f6ra n\u00e5got. V\u00e5rt motto: EVERY STEP COUNTS<\/p>\n\n\n\n\n\n<div class=\"btn-group&#x20;lw&#x20;lw--txt&#x20;aligncenter\">\n  <div class=\"btn-group__inner\">\n                  \n<a class=\"btn&#x20;btn--solid&#x20;btn--color-main\" href=\"https&#x3A;&#x2F;&#x2F;www.brunngard.com&#x2F;reusability\" target=\"\">\n  <span>L\u00e4s mer<\/span>\n  <\/a>\n            <\/div>\n<\/div>\n\n    <\/div>\n  <\/div>\n<\/div>","protected":false},"excerpt":{"rendered":"","protected":false},"author":1,"featured_media":0,"parent":2038,"menu_order":0,"comment_status":"closed","ping_status":"closed","template":"","meta":{"_acf_changed":false,"inline_featured_image":false,"footnotes":""},"class_list":["post-2031","page","type-page","status-publish","hentry"],"acf":[],"yoast_head":"<!-- This site is optimized with the Yoast SEO plugin v27.4 - https:\/\/yoast.com\/product\/yoast-seo-wordpress\/ -->\n<title>Shoe Shame - Brunng\u00e5rd<\/title>\n<meta name=\"robots\" content=\"index, follow, max-snippet:-1, max-image-preview:large, max-video-preview:-1\" \/>\n<link rel=\"canonical\" href=\"https:\/\/www.brunngard.com\/sv\/vara-varumarken\/shoe-shame\" \/>\n<meta property=\"og:locale\" content=\"sv_SE\" \/>\n<meta property=\"og:type\" content=\"article\" \/>\n<meta property=\"og:title\" content=\"Shoe Shame - Brunng\u00e5rd\" \/>\n<meta property=\"og:url\" content=\"https:\/\/www.brunngard.com\/sv\/vara-varumarken\/shoe-shame\" \/>\n<meta property=\"og:site_name\" content=\"Brunng\u00e5rd\" \/>\n<meta property=\"article:modified_time\" content=\"2024-10-09T10:16:56+00:00\" \/>\n<meta name=\"twitter:card\" content=\"summary_large_image\" \/>\n<meta name=\"twitter:label1\" content=\"Ber\u00e4knad l\u00e4stid\" \/>\n\t<meta name=\"twitter:data1\" content=\"1 minut\" \/>\n<script type=\"application\/ld+json\" class=\"yoast-schema-graph\">{\"@context\":\"https:\\\/\\\/schema.org\",\"@graph\":[{\"@type\":\"WebPage\",\"@id\":\"https:\\\/\\\/www.brunngard.com\\\/sv\\\/vara-varumarken\\\/shoe-shame\",\"url\":\"https:\\\/\\\/www.brunngard.com\\\/sv\\\/vara-varumarken\\\/shoe-shame\",\"name\":\"Shoe Shame - Brunng\u00e5rd\",\"isPartOf\":{\"@id\":\"https:\\\/\\\/www.brunngard.com\\\/sv#website\"},\"datePublished\":\"2022-03-07T09:39:27+00:00\",\"dateModified\":\"2024-10-09T10:16:56+00:00\",\"breadcrumb\":{\"@id\":\"https:\\\/\\\/www.brunngard.com\\\/sv\\\/vara-varumarken\\\/shoe-shame#breadcrumb\"},\"inLanguage\":\"sv-SE\",\"potentialAction\":[{\"@type\":\"ReadAction\",\"target\":[\"https:\\\/\\\/www.brunngard.com\\\/sv\\\/vara-varumarken\\\/shoe-shame\"]}]},{\"@type\":\"BreadcrumbList\",\"@id\":\"https:\\\/\\\/www.brunngard.com\\\/sv\\\/vara-varumarken\\\/shoe-shame#breadcrumb\",\"itemListElement\":[{\"@type\":\"ListItem\",\"position\":1,\"name\":\"Hem\",\"item\":\"https:\\\/\\\/www.brunngard.com\\\/sv\"},{\"@type\":\"ListItem\",\"position\":2,\"name\":\"Varum\u00e4rken\",\"item\":\"https:\\\/\\\/www.brunngard.com\\\/sv\\\/vara-varumarken\"},{\"@type\":\"ListItem\",\"position\":3,\"name\":\"Shoe Shame\"}]},{\"@type\":\"WebSite\",\"@id\":\"https:\\\/\\\/www.brunngard.com\\\/sv#website\",\"url\":\"https:\\\/\\\/www.brunngard.com\\\/sv\",\"name\":\"Brunng\u00e5rd\",\"description\":\"Every Step Counts\",\"publisher\":{\"@id\":\"https:\\\/\\\/www.brunngard.com\\\/sv#organization\"},\"potentialAction\":[{\"@type\":\"SearchAction\",\"target\":{\"@type\":\"EntryPoint\",\"urlTemplate\":\"https:\\\/\\\/www.brunngard.com\\\/sv?s={search_term_string}\"},\"query-input\":{\"@type\":\"PropertyValueSpecification\",\"valueRequired\":true,\"valueName\":\"search_term_string\"}}],\"inLanguage\":\"sv-SE\"},{\"@type\":\"Organization\",\"@id\":\"https:\\\/\\\/www.brunngard.com\\\/sv#organization\",\"name\":\"Brunng\u00e5rd\",\"url\":\"https:\\\/\\\/www.brunngard.com\\\/sv\",\"logo\":{\"@type\":\"ImageObject\",\"inLanguage\":\"sv-SE\",\"@id\":\"https:\\\/\\\/www.brunngard.com\\\/sv#\\\/schema\\\/logo\\\/image\\\/\",\"url\":\"https:\\\/\\\/www.brunngard.com\\\/wp-content\\\/uploads\\\/2022\\\/03\\\/bg-logo.png\",\"contentUrl\":\"https:\\\/\\\/www.brunngard.com\\\/wp-content\\\/uploads\\\/2022\\\/03\\\/bg-logo.png\",\"width\":664,\"height\":127,\"caption\":\"Brunng\u00e5rd\"},\"image\":{\"@id\":\"https:\\\/\\\/www.brunngard.com\\\/sv#\\\/schema\\\/logo\\\/image\\\/\"},\"sameAs\":[\"https:\\\/\\\/se.linkedin.com\\\/company\\\/brunngard\"]}]}<\/script>\n<!-- \/ Yoast SEO plugin. -->","yoast_head_json":{"title":"Shoe Shame - Brunng\u00e5rd","robots":{"index":"index","follow":"follow","max-snippet":"max-snippet:-1","max-image-preview":"max-image-preview:large","max-video-preview":"max-video-preview:-1"},"canonical":"https:\/\/www.brunngard.com\/sv\/vara-varumarken\/shoe-shame","og_locale":"sv_SE","og_type":"article","og_title":"Shoe Shame - Brunng\u00e5rd","og_url":"https:\/\/www.brunngard.com\/sv\/vara-varumarken\/shoe-shame","og_site_name":"Brunng\u00e5rd","article_modified_time":"2024-10-09T10:16:56+00:00","twitter_card":"summary_large_image","twitter_misc":{"Ber\u00e4knad l\u00e4stid":"1 minut"},"schema":{"@context":"https:\/\/schema.org","@graph":[{"@type":"WebPage","@id":"https:\/\/www.brunngard.com\/sv\/vara-varumarken\/shoe-shame","url":"https:\/\/www.brunngard.com\/sv\/vara-varumarken\/shoe-shame","name":"Shoe Shame - Brunng\u00e5rd","isPartOf":{"@id":"https:\/\/www.brunngard.com\/sv#website"},"datePublished":"2022-03-07T09:39:27+00:00","dateModified":"2024-10-09T10:16:56+00:00","breadcrumb":{"@id":"https:\/\/www.brunngard.com\/sv\/vara-varumarken\/shoe-shame#breadcrumb"},"inLanguage":"sv-SE","potentialAction":[{"@type":"ReadAction","target":["https:\/\/www.brunngard.com\/sv\/vara-varumarken\/shoe-shame"]}]},{"@type":"BreadcrumbList","@id":"https:\/\/www.brunngard.com\/sv\/vara-varumarken\/shoe-shame#breadcrumb","itemListElement":[{"@type":"ListItem","position":1,"name":"Hem","item":"https:\/\/www.brunngard.com\/sv"},{"@type":"ListItem","position":2,"name":"Varum\u00e4rken","item":"https:\/\/www.brunngard.com\/sv\/vara-varumarken"},{"@type":"ListItem","position":3,"name":"Shoe Shame"}]},{"@type":"WebSite","@id":"https:\/\/www.brunngard.com\/sv#website","url":"https:\/\/www.brunngard.com\/sv","name":"Brunng\u00e5rd","description":"Every Step Counts","publisher":{"@id":"https:\/\/www.brunngard.com\/sv#organization"},"potentialAction":[{"@type":"SearchAction","target":{"@type":"EntryPoint","urlTemplate":"https:\/\/www.brunngard.com\/sv?s={search_term_string}"},"query-input":{"@type":"PropertyValueSpecification","valueRequired":true,"valueName":"search_term_string"}}],"inLanguage":"sv-SE"},{"@type":"Organization","@id":"https:\/\/www.brunngard.com\/sv#organization","name":"Brunng\u00e5rd","url":"https:\/\/www.brunngard.com\/sv","logo":{"@type":"ImageObject","inLanguage":"sv-SE","@id":"https:\/\/www.brunngard.com\/sv#\/schema\/logo\/image\/","url":"https:\/\/www.brunngard.com\/wp-content\/uploads\/2022\/03\/bg-logo.png","contentUrl":"https:\/\/www.brunngard.com\/wp-content\/uploads\/2022\/03\/bg-logo.png","width":664,"height":127,"caption":"Brunng\u00e5rd"},"image":{"@id":"https:\/\/www.brunngard.com\/sv#\/schema\/logo\/image\/"},"sameAs":["https:\/\/se.linkedin.com\/company\/brunngard"]}]}},"_links":{"self":[{"href":"https:\/\/www.brunngard.com\/sv\/wp-json\/wp\/v2\/pages\/2031","targetHints":{"allow":["GET"]}}],"collection":[{"href":"https:\/\/www.brunngard.com\/sv\/wp-json\/wp\/v2\/pages"}],"about":[{"href":"https:\/\/www.brunngard.com\/sv\/wp-json\/wp\/v2\/types\/page"}],"author":[{"embeddable":true,"href":"https:\/\/www.brunngard.com\/sv\/wp-json\/wp\/v2\/users\/1"}],"replies":[{"embeddable":true,"href":"https:\/\/www.brunngard.com\/sv\/wp-json\/wp\/v2\/comments?post=2031"}],"version-history":[{"count":6,"href":"https:\/\/www.brunngard.com\/sv\/wp-json\/wp\/v2\/pages\/2031\/revisions"}],"predecessor-version":[{"id":2594,"href":"https:\/\/www.brunngard.com\/sv\/wp-json\/wp\/v2\/pages\/2031\/revisions\/2594"}],"up":[{"embeddable":true,"href":"https:\/\/www.brunngard.com\/sv\/wp-json\/wp\/v2\/pages\/2038"}],"wp:attachment":[{"href":"https:\/\/www.brunngard.com\/sv\/wp-json\/wp\/v2\/media?parent=2031"}],"curies":[{"name":"wp","href":"https:\/\/api.w.org\/{rel}","templated":true}]}}