{"id":2036,"date":"2022-03-03T08:37:39","date_gmt":"2022-03-03T07:37:39","guid":{"rendered":"https:\/\/www.brunngard.com\/reusability"},"modified":"2025-03-26T15:39:33","modified_gmt":"2025-03-26T14:39:33","slug":"hallbarhet","status":"publish","type":"page","link":"https:\/\/www.brunngard.com\/sv\/hallbarhet","title":{"rendered":"H\u00e5llbarhet"},"content":{"rendered":"\n<div class=\"hero&#x20;mc&#x20;mc--m&#x20;lw&#x20;lw--cntnt\">\n  <div class=\"hero__inner color-theme-white\">\n    <div class=\"hero__images\">\n              <div class=\"hero__image\">\n            \n\n\n<div class=\"image&#x20;image--object-fit\">\n      <img fetchpriority=\"high\" decoding=\"async\" width=\"1920\" height=\"1080\" src=\"https:\/\/www.brunngard.com\/wp-content\/uploads\/2022\/03\/Natur_reusability.jpg\" class=\"attachment- size-\" alt=\"\" loading=\"eager\" srcset=\"https:\/\/www.brunngard.com\/wp-content\/uploads\/2022\/03\/Natur_reusability.jpg 1920w, https:\/\/www.brunngard.com\/wp-content\/uploads\/2022\/03\/Natur_reusability-300x169.jpg 300w, https:\/\/www.brunngard.com\/wp-content\/uploads\/2022\/03\/Natur_reusability-1024x576.jpg 1024w, https:\/\/www.brunngard.com\/wp-content\/uploads\/2022\/03\/Natur_reusability-150x84.jpg 150w, https:\/\/www.brunngard.com\/wp-content\/uploads\/2022\/03\/Natur_reusability-768x432.jpg 768w, https:\/\/www.brunngard.com\/wp-content\/uploads\/2022\/03\/Natur_reusability-1536x864.jpg 1536w, https:\/\/www.brunngard.com\/wp-content\/uploads\/2022\/03\/Natur_reusability-16x9.jpg 16w\" sizes=\"(max-width: 1920px) 100vw, 1920px\" \/>\n  <\/div>\n\n        <\/div>\n          <\/div>\n      <\/div>\n<\/div>  \n  <div class=\"breadcrumbs&#x20;mc&#x20;mc--l&#x20;lw&#x20;lw--cntnt-pd\">\n    <div class=\"breadcrumbs__inner\">\n              <span><span><a href=\"https:\/\/www.brunngard.com\/sv\"><span class=\"breadcrumbs__home-text\">Hem<\/span><span class=\"breadcrumbs__home-icon\">\n<span class=\"icon\">\n    <svg xmlns=\"http:\/\/www.w3.org\/2000\/svg\" aria-hidden=\"true\" focusable=\"false\" id=\"svg-69f4d02059f08\" viewBox=\"0 0 16.55 20\"><path d=\"M2.76 20A2.76 2.76 0 0 1 0 17.24V7.95a2 2 0 0 1 .58-1.4L6.33.8a2.76 2.76 0 0 1 3.9 0l5.74 5.74a2 2 0 0 1 .59 1.4V17.26A2.76 2.76 0 0 1 13.79 20ZM8.92 2.1l5.79 5.8v9.34a.92.92 0 0 1-.92.92h-2.76v-4.6a2.76 2.76 0 1 0-5.51 0v4.6H2.76a.92.92 0 0 1-.92-.92V7.9l5.78-5.78a.92.92 0 0 1 1.3 0Z\" fill-rule=\"evenodd\"><\/path><\/svg>\n<\/span><\/span><\/a><\/span>\n          <\/div>\n  <\/div>\n\n\n\n<h1 class=\"wp-block-heading has-text-align-center\"><strong>Ta hand om dig sj\u00e4lv och dina \u00e4godelar<\/strong><\/h1>\n\n\n\n<p class=\"has-text-align-center is-style-preamble mc mc--xl\">Vi vet alla att betydande livsstilsf\u00f6r\u00e4ndringar beh\u00f6vs f\u00f6r att bevara planetens resurser. Varje litet steg bidrar till en h\u00e5llbar framtid. Ingen kan g\u00f6ra allt, men alla kan g\u00f6ra n\u00e5got.<br>\n<br>\nV\u00e5rt motto\n<br>\n<strong>EVERY STEP COUNTS<\/strong><\/p>\n\n\n<div class=\"hammer&#x20;is-style-head-left&#x20;lw&#x20;lw--cntnt-pd\">\n  <div class=\"hammer__inner\">\n    <div class=\"hammer__head\">\n      <div class=\"hammer__image\">\n          \n<div class=\"image-symbol&#x20;image-symbol--color-none\" style=\"--symbol-size&#x3A;&#x20;85&#x25;&#x3B;\">\n  <div class=\"image-symbol__inner\">\n        <div class=\"image-symbol__symbol\">\n      \n\n\n<div class=\"image&#x20;image--object-fit&#x20;image--object-fit--contain\">\n      <img width=\"1040\" height=\"1080\" data-src=\"https:\/\/www.brunngard.com\/wp-content\/uploads\/2022\/03\/environmental-footprint-pledge.png\" class=\"lazyload\" alt=\"\" data-sizes=\"auto\" data-srcset=\"https:\/\/www.brunngard.com\/wp-content\/uploads\/2022\/03\/environmental-footprint-pledge.png 1040w, https:\/\/www.brunngard.com\/wp-content\/uploads\/2022\/03\/environmental-footprint-pledge-289x300.png 289w, https:\/\/www.brunngard.com\/wp-content\/uploads\/2022\/03\/environmental-footprint-pledge-986x1024.png 986w, https:\/\/www.brunngard.com\/wp-content\/uploads\/2022\/03\/environmental-footprint-pledge-144x150.png 144w, https:\/\/www.brunngard.com\/wp-content\/uploads\/2022\/03\/environmental-footprint-pledge-768x798.png 768w, https:\/\/www.brunngard.com\/wp-content\/uploads\/2022\/03\/environmental-footprint-pledge-16x16.png 16w\" \/>\n  <\/div>\n    <\/div>\n  <\/div>\n<\/div>\n\n      <\/div>\n    <\/div>\n    <div class=\"hammer__handle\">\n      <div class=\"hammer__content bw\">\n        \n\n<h2 class=\"wp-block-heading\"><strong>The Environmental Footprint Pledge<\/strong><\/h2>\n\n\n\n<p>Environmental Footprint Pledge \u00e4r ramverket f\u00f6r Brunng\u00e5rds h\u00e5llbarhetsinitiativ, d\u00e4r vi sammanfattar v\u00e5ra \u00e5tg\u00e4rder f\u00f6r att minska v\u00e5r klimatp\u00e5verkan. Vi fokuserar v\u00e5ra anstr\u00e4ngningar p\u00e5 fem nyckel\u00e5taganden: Livscykelanalys (LCA), Produktutveckling, F\u00f6rpackningsmaterial, Transporter, V\u00e5r bransch samt den egna verksamheten.<\/p>\n\n\n      <\/div>\n    <\/div>\n  <\/div>\n<\/div>\n\n\n<div class=\"marked-section\">\n  <div class=\"marked-section__inner bw bw--lw\">\n    \n<h2 class=\"marked-heading&#x20;lw&#x20;lw--fw&#x20;bw--lw&#x20;h1&#x20;is-style-big\">\n  <div class=\"marked-heading__inner lw lw--cntnt-pd\">\n    <span>Kontakta oss<\/span>\n  <\/div>\n<\/h2>\n    <div class=\"marked-section__columns lw lw--cntnt-pd\">\n      <div class=\"marked-section__content bw\">\n        \n\n<p>Tveka inte p\u00e5 att kontakta oss, vi finns h\u00e4r f\u00f6r att hj\u00e4lpa er!<\/p>\n\n\n\n<div class=\"contact-spotlight&#x20;is-style-horizontal&#x20;lw&#x20;lw--cntnt-pd\">\n  <div class=\"contact-spotlight__inner\">\n        <div class=\"contact-spotlight__information\">\n      <h3 class=\"contact-spotlight__name\">\n        \n      <\/h3>\n      \n                <\/div>\n  <\/div>\n<\/div>\n\n      <\/div>\n      <div class=\"marked-section__sidebar bw\">\n                              <h2 class=\"h3\">Fyll i kontaktuppgifter<\/h2>\n\n            \n<div class=\"wpcf7 no-js\" id=\"wpcf7-f2074-o1\" lang=\"sv-SE\" dir=\"ltr\" data-wpcf7-id=\"2074\">\n<div class=\"screen-reader-response\"><p role=\"status\" aria-live=\"polite\" aria-atomic=\"true\"><\/p> <ul><\/ul><\/div>\n<form action=\"\/sv\/wp-json\/wp\/v2\/pages\/2036#wpcf7-f2074-o1\" method=\"post\" class=\"wpcf7-form init wpcf7-acceptance-as-validation\" aria-label=\"Kontaktformul\u00e4r\" novalidate=\"novalidate\" data-status=\"init\">\n<fieldset class=\"hidden-fields-container\"><input type=\"hidden\" name=\"_wpcf7\" value=\"2074\" \/><input type=\"hidden\" name=\"_wpcf7_version\" value=\"6.1.5\" \/><input type=\"hidden\" name=\"_wpcf7_locale\" value=\"sv_SE\" \/><input type=\"hidden\" name=\"_wpcf7_unit_tag\" value=\"wpcf7-f2074-o1\" \/><input type=\"hidden\" name=\"_wpcf7_container_post\" value=\"0\" \/><input type=\"hidden\" name=\"_wpcf7_posted_data_hash\" value=\"\" \/>\n<\/fieldset>\n<div class=\"fields fields--hide-deferred\">\n\t<div class=\"field\">\n\t\t<p><label class=\"field__box\"><span class=\"field__label\">Namn*<\/span><span class=\"wpcf7-form-control-wrap\" data-name=\"your-name\"><input size=\"40\" maxlength=\"400\" class=\"wpcf7-form-control wpcf7-text wpcf7-validates-as-required\" aria-required=\"true\" aria-invalid=\"false\" value=\"\" type=\"text\" name=\"your-name\" \/><\/span><\/label>\n\t\t<\/p>\n\t<\/div>\n\t<div class=\"field\">\n\t\t<p><label class=\"field__box\"><span class=\"field__label\">E-post eller telefon*<\/span><span class=\"wpcf7-form-control-wrap\" data-name=\"your-contact-info\"><input size=\"40\" maxlength=\"400\" class=\"wpcf7-form-control wpcf7-text wpcf7-validates-as-required\" aria-required=\"true\" aria-invalid=\"false\" value=\"\" type=\"text\" name=\"your-contact-info\" \/><\/span><\/label>\n\t\t<\/p>\n\t<\/div>\n\t<div class=\"field\">\n\t\t<p><label class=\"field__box\"><span class=\"field__label\">Meddelande<\/span><span class=\"wpcf7-form-control-wrap\" data-name=\"your-message\"><textarea cols=\"40\" rows=\"10\" maxlength=\"2000\" class=\"wpcf7-form-control wpcf7-textarea\" aria-invalid=\"false\" placeholder=\"Skriv h\u00e4r...\" name=\"your-message\"><\/textarea><\/span><\/label>\n\t\t<\/p>\n\t<\/div>\n\t<div class=\"field field--deferred\">\n\t\t<p><span class=\"wpcf7-form-control-wrap\" data-name=\"acceptance\"><span class=\"wpcf7-form-control wpcf7-acceptance\"><span class=\"wpcf7-list-item\"><label><input type=\"checkbox\" name=\"acceptance\" value=\"1\" aria-invalid=\"false\" \/><span class=\"wpcf7-list-item-label\">Genom att klicka p\u00e5 kryssrutan ber jag Brunng\u00e5rd att kontakta mig, i enlighet med deras <a href=\"\/privacy-policy\" target=\"_blank\">integritetspolicy<\/a>.<\/span><\/label><\/span><\/span><\/span>\n\t\t<\/p>\n\t<\/div>\n<div class=\"wpcf7-response-output\" aria-hidden=\"true\"><\/div>\n\t<p><input class=\"wpcf7-form-control wpcf7-submit has-spinner btn btn--solid btn--full-width\" type=\"submit\" value=\"Skicka\" \/>\n\t<\/p>\n<\/div>\n<\/form>\n<\/div>\n\n                                  <\/div>\n    <\/div>\n  <\/div>\n<\/div>","protected":false},"excerpt":{"rendered":"<p>Ta hand om dig sj\u00e4lv och dina \u00e4godelar Vi vet alla att betydande livsstilsf\u00f6r\u00e4ndringar beh\u00f6vs f\u00f6r att bevara planetens resurser. Varje litet steg bidrar till en h\u00e5llbar framtid. Ingen kan g\u00f6ra allt, men alla kan g\u00f6ra n\u00e5got. V\u00e5rt motto EVERY STEP COUNTS<\/p>\n","protected":false},"author":1,"featured_media":0,"parent":0,"menu_order":0,"comment_status":"closed","ping_status":"closed","template":"","meta":{"_acf_changed":false,"inline_featured_image":false,"footnotes":""},"class_list":["post-2036","page","type-page","status-publish","hentry"],"acf":[],"yoast_head":"<!-- This site is optimized with the Yoast SEO plugin v27.4 - https:\/\/yoast.com\/product\/yoast-seo-wordpress\/ -->\n<title>H\u00e5llbarhet - Brunng\u00e5rd<\/title>\n<meta name=\"robots\" content=\"index, follow, max-snippet:-1, max-image-preview:large, max-video-preview:-1\" \/>\n<link rel=\"canonical\" href=\"https:\/\/www.brunngard.com\/sv\/hallbarhet\" \/>\n<meta property=\"og:locale\" content=\"sv_SE\" \/>\n<meta property=\"og:type\" content=\"article\" \/>\n<meta property=\"og:title\" content=\"H\u00e5llbarhet - Brunng\u00e5rd\" \/>\n<meta property=\"og:description\" content=\"Ta hand om dig sj\u00e4lv och dina \u00e4godelar Vi vet alla att betydande livsstilsf\u00f6r\u00e4ndringar beh\u00f6vs f\u00f6r att bevara planetens resurser. Varje litet steg bidrar till en h\u00e5llbar framtid. Ingen kan g\u00f6ra allt, men alla kan g\u00f6ra n\u00e5got. V\u00e5rt motto EVERY STEP COUNTS\" \/>\n<meta property=\"og:url\" content=\"https:\/\/www.brunngard.com\/sv\/hallbarhet\" \/>\n<meta property=\"og:site_name\" content=\"Brunng\u00e5rd\" \/>\n<meta property=\"article:modified_time\" content=\"2025-03-26T14:39:33+00:00\" \/>\n<meta name=\"twitter:card\" content=\"summary_large_image\" \/>\n<meta name=\"twitter:label1\" content=\"Ber\u00e4knad l\u00e4stid\" \/>\n\t<meta name=\"twitter:data1\" content=\"1 minut\" \/>\n<script type=\"application\/ld+json\" class=\"yoast-schema-graph\">{\"@context\":\"https:\\\/\\\/schema.org\",\"@graph\":[{\"@type\":\"WebPage\",\"@id\":\"https:\\\/\\\/www.brunngard.com\\\/sv\\\/hallbarhet\",\"url\":\"https:\\\/\\\/www.brunngard.com\\\/sv\\\/hallbarhet\",\"name\":\"H\u00e5llbarhet - Brunng\u00e5rd\",\"isPartOf\":{\"@id\":\"https:\\\/\\\/www.brunngard.com\\\/sv#website\"},\"datePublished\":\"2022-03-03T07:37:39+00:00\",\"dateModified\":\"2025-03-26T14:39:33+00:00\",\"breadcrumb\":{\"@id\":\"https:\\\/\\\/www.brunngard.com\\\/sv\\\/hallbarhet#breadcrumb\"},\"inLanguage\":\"sv-SE\",\"potentialAction\":[{\"@type\":\"ReadAction\",\"target\":[\"https:\\\/\\\/www.brunngard.com\\\/sv\\\/hallbarhet\"]}]},{\"@type\":\"BreadcrumbList\",\"@id\":\"https:\\\/\\\/www.brunngard.com\\\/sv\\\/hallbarhet#breadcrumb\",\"itemListElement\":[{\"@type\":\"ListItem\",\"position\":1,\"name\":\"Hem\",\"item\":\"https:\\\/\\\/www.brunngard.com\\\/sv\"},{\"@type\":\"ListItem\",\"position\":2,\"name\":\"H\u00e5llbarhet\"}]},{\"@type\":\"WebSite\",\"@id\":\"https:\\\/\\\/www.brunngard.com\\\/sv#website\",\"url\":\"https:\\\/\\\/www.brunngard.com\\\/sv\",\"name\":\"Brunng\u00e5rd\",\"description\":\"Every Step Counts\",\"publisher\":{\"@id\":\"https:\\\/\\\/www.brunngard.com\\\/sv#organization\"},\"potentialAction\":[{\"@type\":\"SearchAction\",\"target\":{\"@type\":\"EntryPoint\",\"urlTemplate\":\"https:\\\/\\\/www.brunngard.com\\\/sv?s={search_term_string}\"},\"query-input\":{\"@type\":\"PropertyValueSpecification\",\"valueRequired\":true,\"valueName\":\"search_term_string\"}}],\"inLanguage\":\"sv-SE\"},{\"@type\":\"Organization\",\"@id\":\"https:\\\/\\\/www.brunngard.com\\\/sv#organization\",\"name\":\"Brunng\u00e5rd\",\"url\":\"https:\\\/\\\/www.brunngard.com\\\/sv\",\"logo\":{\"@type\":\"ImageObject\",\"inLanguage\":\"sv-SE\",\"@id\":\"https:\\\/\\\/www.brunngard.com\\\/sv#\\\/schema\\\/logo\\\/image\\\/\",\"url\":\"https:\\\/\\\/www.brunngard.com\\\/wp-content\\\/uploads\\\/2022\\\/03\\\/bg-logo.png\",\"contentUrl\":\"https:\\\/\\\/www.brunngard.com\\\/wp-content\\\/uploads\\\/2022\\\/03\\\/bg-logo.png\",\"width\":664,\"height\":127,\"caption\":\"Brunng\u00e5rd\"},\"image\":{\"@id\":\"https:\\\/\\\/www.brunngard.com\\\/sv#\\\/schema\\\/logo\\\/image\\\/\"},\"sameAs\":[\"https:\\\/\\\/se.linkedin.com\\\/company\\\/brunngard\"]}]}<\/script>\n<!-- \/ Yoast SEO plugin. -->","yoast_head_json":{"title":"H\u00e5llbarhet - Brunng\u00e5rd","robots":{"index":"index","follow":"follow","max-snippet":"max-snippet:-1","max-image-preview":"max-image-preview:large","max-video-preview":"max-video-preview:-1"},"canonical":"https:\/\/www.brunngard.com\/sv\/hallbarhet","og_locale":"sv_SE","og_type":"article","og_title":"H\u00e5llbarhet - Brunng\u00e5rd","og_description":"Ta hand om dig sj\u00e4lv och dina \u00e4godelar Vi vet alla att betydande livsstilsf\u00f6r\u00e4ndringar beh\u00f6vs f\u00f6r att bevara planetens resurser. Varje litet steg bidrar till en h\u00e5llbar framtid. Ingen kan g\u00f6ra allt, men alla kan g\u00f6ra n\u00e5got. V\u00e5rt motto EVERY STEP COUNTS","og_url":"https:\/\/www.brunngard.com\/sv\/hallbarhet","og_site_name":"Brunng\u00e5rd","article_modified_time":"2025-03-26T14:39:33+00:00","twitter_card":"summary_large_image","twitter_misc":{"Ber\u00e4knad l\u00e4stid":"1 minut"},"schema":{"@context":"https:\/\/schema.org","@graph":[{"@type":"WebPage","@id":"https:\/\/www.brunngard.com\/sv\/hallbarhet","url":"https:\/\/www.brunngard.com\/sv\/hallbarhet","name":"H\u00e5llbarhet - Brunng\u00e5rd","isPartOf":{"@id":"https:\/\/www.brunngard.com\/sv#website"},"datePublished":"2022-03-03T07:37:39+00:00","dateModified":"2025-03-26T14:39:33+00:00","breadcrumb":{"@id":"https:\/\/www.brunngard.com\/sv\/hallbarhet#breadcrumb"},"inLanguage":"sv-SE","potentialAction":[{"@type":"ReadAction","target":["https:\/\/www.brunngard.com\/sv\/hallbarhet"]}]},{"@type":"BreadcrumbList","@id":"https:\/\/www.brunngard.com\/sv\/hallbarhet#breadcrumb","itemListElement":[{"@type":"ListItem","position":1,"name":"Hem","item":"https:\/\/www.brunngard.com\/sv"},{"@type":"ListItem","position":2,"name":"H\u00e5llbarhet"}]},{"@type":"WebSite","@id":"https:\/\/www.brunngard.com\/sv#website","url":"https:\/\/www.brunngard.com\/sv","name":"Brunng\u00e5rd","description":"Every Step Counts","publisher":{"@id":"https:\/\/www.brunngard.com\/sv#organization"},"potentialAction":[{"@type":"SearchAction","target":{"@type":"EntryPoint","urlTemplate":"https:\/\/www.brunngard.com\/sv?s={search_term_string}"},"query-input":{"@type":"PropertyValueSpecification","valueRequired":true,"valueName":"search_term_string"}}],"inLanguage":"sv-SE"},{"@type":"Organization","@id":"https:\/\/www.brunngard.com\/sv#organization","name":"Brunng\u00e5rd","url":"https:\/\/www.brunngard.com\/sv","logo":{"@type":"ImageObject","inLanguage":"sv-SE","@id":"https:\/\/www.brunngard.com\/sv#\/schema\/logo\/image\/","url":"https:\/\/www.brunngard.com\/wp-content\/uploads\/2022\/03\/bg-logo.png","contentUrl":"https:\/\/www.brunngard.com\/wp-content\/uploads\/2022\/03\/bg-logo.png","width":664,"height":127,"caption":"Brunng\u00e5rd"},"image":{"@id":"https:\/\/www.brunngard.com\/sv#\/schema\/logo\/image\/"},"sameAs":["https:\/\/se.linkedin.com\/company\/brunngard"]}]}},"_links":{"self":[{"href":"https:\/\/www.brunngard.com\/sv\/wp-json\/wp\/v2\/pages\/2036","targetHints":{"allow":["GET"]}}],"collection":[{"href":"https:\/\/www.brunngard.com\/sv\/wp-json\/wp\/v2\/pages"}],"about":[{"href":"https:\/\/www.brunngard.com\/sv\/wp-json\/wp\/v2\/types\/page"}],"author":[{"embeddable":true,"href":"https:\/\/www.brunngard.com\/sv\/wp-json\/wp\/v2\/users\/1"}],"replies":[{"embeddable":true,"href":"https:\/\/www.brunngard.com\/sv\/wp-json\/wp\/v2\/comments?post=2036"}],"version-history":[{"count":17,"href":"https:\/\/www.brunngard.com\/sv\/wp-json\/wp\/v2\/pages\/2036\/revisions"}],"predecessor-version":[{"id":3053,"href":"https:\/\/www.brunngard.com\/sv\/wp-json\/wp\/v2\/pages\/2036\/revisions\/3053"}],"wp:attachment":[{"href":"https:\/\/www.brunngard.com\/sv\/wp-json\/wp\/v2\/media?parent=2036"}],"curies":[{"name":"wp","href":"https:\/\/api.w.org\/{rel}","templated":true}]}}