{"id":2041,"date":"2022-03-03T07:51:25","date_gmt":"2022-03-03T07:51:25","guid":{"rendered":"https:\/\/www.brunngard.com\/privacy-policy"},"modified":"2022-03-03T07:51:25","modified_gmt":"2022-03-03T07:51:25","slug":"privacy-policy","status":"publish","type":"page","link":"https:\/\/www.brunngard.com\/sv\/privacy-policy","title":{"rendered":"Privacy Policy"},"content":{"rendered":"\n<h1 class=\"has-text-align-left is-style-big wp-block-heading\">Privacy Policy<\/h1>\n\n\n\n<p>Brunng\u00e5rd Group AB cares about you and your privacy and we protect the personal data processed by us. All personal data is processed in accordance with applicable data protection legislation.<\/p>\n\n\n\n<p>This Privacy policy describes how we collect, process, and share personal data. We also provide information about your rights as a data subject.<\/p>\n\n\n\n<h2 class=\"wp-block-heading\">What data do we process?<\/h2>\n\n\n\n<p>We collect the personal data provided by you to us on our website or by your acceptance of cookies. The personal data we process may consist of contact information as name, phone number, e-mail address, work title and tracking cookie data.<\/p>\n\n\n\n<p>We process the personal data provided so we can fulfil our commitments to you. We may also use personal data as a basis for market analysis and for marketing.<br>Cookies are used to collect information about how you interact with us and allow us to remember you. We also use cookies to analyze website usage<br>Normally our processing of personal data is based on a balancing of interests or consent.<\/p>\n\n\n\n<p>When we process personal data to analyze and develop our business this is based on our legitimate interest in improving our business and for communication<br>When we process personal data for marketing purposes this is based on consent.<br>Processing of non-essential cookie data is based on your consent.<\/p>\n\n\n\n<p>We have implemented appropriate technical and organizational measures to protect the personal data we process. Transfers of data outside the EU\/EEA are made in line with applicable data protection laws.<\/p>\n\n\n\n<h2 class=\"wp-block-heading\">Your rights<\/h2>\n\n\n\n<p>Brunng\u00e5rd Group AB, 556233-2238 is the controller of the personal data processing as described above. You as a data subject have the right to request that we correct or erase inaccurate or incomplete personal data about you. You are also entitled to object to specific processing of personal data and request that processing of personal data be restricted. You also have the right to receive a copy of the personal data provided by you.<\/p>\n\n\n\n<p>If you are not satisfied with how we process your personal data you have the right to report this to the Swedish Authority for Privacy Protection <br>(Sw. Integritetsskyddsmyndigheten).<\/p>\n\n\n\n<p>If you wish to exercise any of your rights, please contact us using the contact information below.<\/p>\n\n\n\n<h2 class=\"wp-block-heading\">Contact Details<\/h2>\n\n\n\n<p class=\"mc mc--xl\">Brunng\u00e5rd Group AB, 556233-2238<br>Elementgatan 10<br>504 64 Bor\u00e5s<br>+46 33\u202f723 23 00<br><a href=\"mailto:info@brunngard.com\">info@brunngard.com<\/a><\/p>\n","protected":false},"excerpt":{"rendered":"<p>Privacy Policy Brunng\u00e5rd Group AB cares about you and your privacy and we protect the personal data processed by us. All personal data is processed in accordance with applicable data protection legislation. This Privacy policy describes how we collect, process, and share personal data. We also provide information about your rights as a data subject. [&hellip;]<\/p>\n","protected":false},"author":1,"featured_media":0,"parent":0,"menu_order":0,"comment_status":"closed","ping_status":"open","template":"","meta":{"_acf_changed":false,"inline_featured_image":false,"footnotes":""},"class_list":["post-2041","page","type-page","status-publish","hentry"],"acf":[],"yoast_head":"<!-- This site is optimized with the Yoast SEO plugin v27.3 - https:\/\/yoast.com\/product\/yoast-seo-wordpress\/ -->\n<title>Privacy Policy - Brunng\u00e5rd<\/title>\n<meta name=\"robots\" content=\"index, follow, max-snippet:-1, max-image-preview:large, max-video-preview:-1\" \/>\n<link rel=\"canonical\" href=\"https:\/\/www.brunngard.com\/sv\/privacy-policy\" \/>\n<meta property=\"og:locale\" content=\"sv_SE\" \/>\n<meta property=\"og:type\" content=\"article\" \/>\n<meta property=\"og:title\" content=\"Privacy Policy - Brunng\u00e5rd\" \/>\n<meta property=\"og:description\" content=\"Privacy Policy Brunng\u00e5rd Group AB cares about you and your privacy and we protect the personal data processed by us. All personal data is processed in accordance with applicable data protection legislation. This Privacy policy describes how we collect, process, and share personal data. We also provide information about your rights as a data subject. [&hellip;]\" \/>\n<meta property=\"og:url\" content=\"https:\/\/www.brunngard.com\/sv\/privacy-policy\" \/>\n<meta property=\"og:site_name\" content=\"Brunng\u00e5rd\" \/>\n<meta name=\"twitter:card\" content=\"summary_large_image\" \/>\n<meta name=\"twitter:label1\" content=\"Ber\u00e4knad l\u00e4stid\" \/>\n\t<meta name=\"twitter:data1\" content=\"2 minuter\" \/>\n<script type=\"application\/ld+json\" class=\"yoast-schema-graph\">{\"@context\":\"https:\\\/\\\/schema.org\",\"@graph\":[{\"@type\":\"WebPage\",\"@id\":\"https:\\\/\\\/www.brunngard.com\\\/sv\\\/privacy-policy\",\"url\":\"https:\\\/\\\/www.brunngard.com\\\/sv\\\/privacy-policy\",\"name\":\"Privacy Policy - Brunng\u00e5rd\",\"isPartOf\":{\"@id\":\"https:\\\/\\\/www.brunngard.com\\\/sv#website\"},\"datePublished\":\"2022-03-03T07:51:25+00:00\",\"breadcrumb\":{\"@id\":\"https:\\\/\\\/www.brunngard.com\\\/sv\\\/privacy-policy#breadcrumb\"},\"inLanguage\":\"sv-SE\",\"potentialAction\":[{\"@type\":\"ReadAction\",\"target\":[\"https:\\\/\\\/www.brunngard.com\\\/sv\\\/privacy-policy\"]}]},{\"@type\":\"BreadcrumbList\",\"@id\":\"https:\\\/\\\/www.brunngard.com\\\/sv\\\/privacy-policy#breadcrumb\",\"itemListElement\":[{\"@type\":\"ListItem\",\"position\":1,\"name\":\"Hem\",\"item\":\"https:\\\/\\\/www.brunngard.com\\\/sv\"},{\"@type\":\"ListItem\",\"position\":2,\"name\":\"Privacy Policy\"}]},{\"@type\":\"WebSite\",\"@id\":\"https:\\\/\\\/www.brunngard.com\\\/sv#website\",\"url\":\"https:\\\/\\\/www.brunngard.com\\\/sv\",\"name\":\"Brunng\u00e5rd\",\"description\":\"Every Step Counts\",\"publisher\":{\"@id\":\"https:\\\/\\\/www.brunngard.com\\\/sv#organization\"},\"potentialAction\":[{\"@type\":\"SearchAction\",\"target\":{\"@type\":\"EntryPoint\",\"urlTemplate\":\"https:\\\/\\\/www.brunngard.com\\\/sv?s={search_term_string}\"},\"query-input\":{\"@type\":\"PropertyValueSpecification\",\"valueRequired\":true,\"valueName\":\"search_term_string\"}}],\"inLanguage\":\"sv-SE\"},{\"@type\":\"Organization\",\"@id\":\"https:\\\/\\\/www.brunngard.com\\\/sv#organization\",\"name\":\"Brunng\u00e5rd\",\"url\":\"https:\\\/\\\/www.brunngard.com\\\/sv\",\"logo\":{\"@type\":\"ImageObject\",\"inLanguage\":\"sv-SE\",\"@id\":\"https:\\\/\\\/www.brunngard.com\\\/sv#\\\/schema\\\/logo\\\/image\\\/\",\"url\":\"https:\\\/\\\/www.brunngard.com\\\/wp-content\\\/uploads\\\/2022\\\/03\\\/bg-logo.png\",\"contentUrl\":\"https:\\\/\\\/www.brunngard.com\\\/wp-content\\\/uploads\\\/2022\\\/03\\\/bg-logo.png\",\"width\":664,\"height\":127,\"caption\":\"Brunng\u00e5rd\"},\"image\":{\"@id\":\"https:\\\/\\\/www.brunngard.com\\\/sv#\\\/schema\\\/logo\\\/image\\\/\"},\"sameAs\":[\"https:\\\/\\\/se.linkedin.com\\\/company\\\/brunngard\"]}]}<\/script>\n<!-- \/ Yoast SEO plugin. -->","yoast_head_json":{"title":"Privacy Policy - Brunng\u00e5rd","robots":{"index":"index","follow":"follow","max-snippet":"max-snippet:-1","max-image-preview":"max-image-preview:large","max-video-preview":"max-video-preview:-1"},"canonical":"https:\/\/www.brunngard.com\/sv\/privacy-policy","og_locale":"sv_SE","og_type":"article","og_title":"Privacy Policy - Brunng\u00e5rd","og_description":"Privacy Policy Brunng\u00e5rd Group AB cares about you and your privacy and we protect the personal data processed by us. All personal data is processed in accordance with applicable data protection legislation. This Privacy policy describes how we collect, process, and share personal data. We also provide information about your rights as a data subject. [&hellip;]","og_url":"https:\/\/www.brunngard.com\/sv\/privacy-policy","og_site_name":"Brunng\u00e5rd","twitter_card":"summary_large_image","twitter_misc":{"Ber\u00e4knad l\u00e4stid":"2 minuter"},"schema":{"@context":"https:\/\/schema.org","@graph":[{"@type":"WebPage","@id":"https:\/\/www.brunngard.com\/sv\/privacy-policy","url":"https:\/\/www.brunngard.com\/sv\/privacy-policy","name":"Privacy Policy - Brunng\u00e5rd","isPartOf":{"@id":"https:\/\/www.brunngard.com\/sv#website"},"datePublished":"2022-03-03T07:51:25+00:00","breadcrumb":{"@id":"https:\/\/www.brunngard.com\/sv\/privacy-policy#breadcrumb"},"inLanguage":"sv-SE","potentialAction":[{"@type":"ReadAction","target":["https:\/\/www.brunngard.com\/sv\/privacy-policy"]}]},{"@type":"BreadcrumbList","@id":"https:\/\/www.brunngard.com\/sv\/privacy-policy#breadcrumb","itemListElement":[{"@type":"ListItem","position":1,"name":"Hem","item":"https:\/\/www.brunngard.com\/sv"},{"@type":"ListItem","position":2,"name":"Privacy Policy"}]},{"@type":"WebSite","@id":"https:\/\/www.brunngard.com\/sv#website","url":"https:\/\/www.brunngard.com\/sv","name":"Brunng\u00e5rd","description":"Every Step Counts","publisher":{"@id":"https:\/\/www.brunngard.com\/sv#organization"},"potentialAction":[{"@type":"SearchAction","target":{"@type":"EntryPoint","urlTemplate":"https:\/\/www.brunngard.com\/sv?s={search_term_string}"},"query-input":{"@type":"PropertyValueSpecification","valueRequired":true,"valueName":"search_term_string"}}],"inLanguage":"sv-SE"},{"@type":"Organization","@id":"https:\/\/www.brunngard.com\/sv#organization","name":"Brunng\u00e5rd","url":"https:\/\/www.brunngard.com\/sv","logo":{"@type":"ImageObject","inLanguage":"sv-SE","@id":"https:\/\/www.brunngard.com\/sv#\/schema\/logo\/image\/","url":"https:\/\/www.brunngard.com\/wp-content\/uploads\/2022\/03\/bg-logo.png","contentUrl":"https:\/\/www.brunngard.com\/wp-content\/uploads\/2022\/03\/bg-logo.png","width":664,"height":127,"caption":"Brunng\u00e5rd"},"image":{"@id":"https:\/\/www.brunngard.com\/sv#\/schema\/logo\/image\/"},"sameAs":["https:\/\/se.linkedin.com\/company\/brunngard"]}]}},"_links":{"self":[{"href":"https:\/\/www.brunngard.com\/sv\/wp-json\/wp\/v2\/pages\/2041","targetHints":{"allow":["GET"]}}],"collection":[{"href":"https:\/\/www.brunngard.com\/sv\/wp-json\/wp\/v2\/pages"}],"about":[{"href":"https:\/\/www.brunngard.com\/sv\/wp-json\/wp\/v2\/types\/page"}],"author":[{"embeddable":true,"href":"https:\/\/www.brunngard.com\/sv\/wp-json\/wp\/v2\/users\/1"}],"replies":[{"embeddable":true,"href":"https:\/\/www.brunngard.com\/sv\/wp-json\/wp\/v2\/comments?post=2041"}],"version-history":[{"count":0,"href":"https:\/\/www.brunngard.com\/sv\/wp-json\/wp\/v2\/pages\/2041\/revisions"}],"wp:attachment":[{"href":"https:\/\/www.brunngard.com\/sv\/wp-json\/wp\/v2\/media?parent=2041"}],"curies":[{"name":"wp","href":"https:\/\/api.w.org\/{rel}","templated":true}]}}