{"id":2466,"date":"2024-10-01T14:46:22","date_gmt":"2024-10-01T12:46:22","guid":{"rendered":"https:\/\/www.brunngard.com\/our-brands\/expro"},"modified":"2026-03-30T13:32:32","modified_gmt":"2026-03-30T11:32:32","slug":"expro","status":"publish","type":"page","link":"https:\/\/www.brunngard.com\/sv\/vara-varumarken\/expro","title":{"rendered":"EXPRO"},"content":{"rendered":"\n<div class=\"hero&#x20;mc&#x20;mc--m&#x20;lw&#x20;lw--cntnt\">\n  <div class=\"hero__inner color-theme-white\">\n    <div class=\"hero__images\">\n              <div class=\"hero__image\">\n            \n\n\n<div class=\"image&#x20;image--object-fit\">\n      <img fetchpriority=\"high\" decoding=\"async\" width=\"1500\" height=\"1000\" src=\"https:\/\/www.brunngard.com\/wp-content\/uploads\/2026\/03\/EXPRO_Shoes.jpg\" class=\"attachment- size-\" alt=\"\" loading=\"eager\" srcset=\"https:\/\/www.brunngard.com\/wp-content\/uploads\/2026\/03\/EXPRO_Shoes.jpg 1500w, https:\/\/www.brunngard.com\/wp-content\/uploads\/2026\/03\/EXPRO_Shoes-300x200.jpg 300w, https:\/\/www.brunngard.com\/wp-content\/uploads\/2026\/03\/EXPRO_Shoes-1024x683.jpg 1024w, https:\/\/www.brunngard.com\/wp-content\/uploads\/2026\/03\/EXPRO_Shoes-150x100.jpg 150w, https:\/\/www.brunngard.com\/wp-content\/uploads\/2026\/03\/EXPRO_Shoes-768x512.jpg 768w, https:\/\/www.brunngard.com\/wp-content\/uploads\/2026\/03\/EXPRO_Shoes-16x11.jpg 16w\" sizes=\"(max-width: 1500px) 100vw, 1500px\" \/>\n  <\/div>\n\n        <\/div>\n          <\/div>\n      <\/div>\n<\/div>  \n  <div class=\"breadcrumbs&#x20;mc&#x20;mc--l&#x20;lw&#x20;lw--cntnt-pd\">\n    <div class=\"breadcrumbs__inner\">\n              <span><span><a href=\"https:\/\/www.brunngard.com\/sv\"><span class=\"breadcrumbs__home-text\">Hem<\/span><span class=\"breadcrumbs__home-icon\">\n<span class=\"icon\">\n    <svg xmlns=\"http:\/\/www.w3.org\/2000\/svg\" aria-hidden=\"true\" focusable=\"false\" id=\"svg-69f61c91c9ed8\" viewBox=\"0 0 16.55 20\"><path d=\"M2.76 20A2.76 2.76 0 0 1 0 17.24V7.95a2 2 0 0 1 .58-1.4L6.33.8a2.76 2.76 0 0 1 3.9 0l5.74 5.74a2 2 0 0 1 .59 1.4V17.26A2.76 2.76 0 0 1 13.79 20ZM8.92 2.1l5.79 5.8v9.34a.92.92 0 0 1-.92.92h-2.76v-4.6a2.76 2.76 0 1 0-5.51 0v4.6H2.76a.92.92 0 0 1-.92-.92V7.9l5.78-5.78a.92.92 0 0 1 1.3 0Z\" fill-rule=\"evenodd\"><\/path><\/svg>\n<\/span><\/span><\/a><\/span>\n          <\/div>\n  <\/div>\n\n<div class=\"marked-section&#x20;marked-section--offset\">\n  <div class=\"marked-section__inner bw bw--lw\">\n    \n<h2 class=\"marked-heading&#x20;lw&#x20;lw--fw&#x20;bw--lw&#x20;h1&#x20;is-style-big\">\n  <div class=\"marked-heading__inner lw lw--slm-cntnt-pd\">\n    <span>EXPRO<\/span>\n  <\/div>\n<\/h2>\n    <div class=\"marked-section__columns lw lw--slm-cntnt-pd\">\n      <div class=\"marked-section__content bw\">\n        \n\n<h3 class=\"wp-block-heading lw lw--slm-cntnt-pd\"><strong>Extended Protection<\/strong><\/h3>\n\n\n\n<p class=\"lw lw--slm-cntnt-pd\">EXPRO erbjuder innovativ och h\u00f6gpresterande impregnering och textilv\u00e5rd som f\u00f6rl\u00e4nger livsl\u00e4ngden och f\u00f6rb\u00e4ttrar prestandan p\u00e5 b\u00e5de skor och kl\u00e4der. Med impregneringstj\u00e4nsten EXPRO HUB erbjuder butiker premium impregnering p\u00e5 bara n\u00e5gra sekunder, direkt vid k\u00f6pet. En tj\u00e4nst som skapar tydligt merv\u00e4rde f\u00f6r b\u00e5de kunder och \u00e5terf\u00f6rs\u00e4ljare, samtidigt som den st\u00f6djer en mer h\u00e5llbar konsumtion.<\/p>\n\n\n\n<p class=\"lw lw--slm-cntnt-pd\">Som komplement till EXPRO HUB finns ett komplett textilv\u00e5rdssortiment med produkter f\u00f6r alla typer av textilier \u2013 fr\u00e5n tr\u00e4ningskl\u00e4der till skaljackor samt ull- och dunplagg. Alla formuleringar utvecklas i Sverige och \u00e4r certifierade enligt OEKO-TEX\u00ae ECO PASSPORT, vilket s\u00e4kerst\u00e4ller h\u00f6g kvalitet och trygg anv\u00e4ndning.<\/p>\n\n\n\n<p class=\"lw lw--slm-cntnt-pd\">EXPRO \u2014 extended protection. Good for planet, people, and profit. \u00a0<\/p>\n\n\n\n<div class=\"icon-li&#x20;is-style-default&#x20;mc&#x20;mc--s&#x20;lw&#x20;lw--txt\">\n  <a class=\"icon-li__inner\" href=\"https&#x3A;&#x2F;&#x2F;www.expro.technology&#x2F;\" target=\"_blank\" rel=\"noreferrer&#x20;noopener\">\n    \n<span class=\"icon\">\n    <svg xmlns=\"http:\/\/www.w3.org\/2000\/svg\" aria-hidden=\"true\" focusable=\"false\" id=\"svg-69f61c91cc874\" viewBox=\"0 0 20 20\"><path d=\"m13.432 10 1.716 1.716 3.431-3.431a4.853 4.853 0 0 0-6.863-6.863L8.285 4.853l1.714 1.716 3.431-3.431a2.426 2.426 0 1 1 3.431 3.431ZM10 13.432l1.716 1.716-3.431 3.431a4.853 4.853 0 0 1-6.863-6.863l3.431-3.431 1.716 1.714-3.432 3.433a2.426 2.426 0 0 0 3.431 3.431Z\"><\/path><path d=\"M13.435 8.285a1.213 1.213 0 0 0-1.716-1.716l-5.15 5.147a1.214 1.214 0 0 0 1.716 1.719Z\"><\/path><\/svg>\n<\/span>\n    <span class=\"icon-li__text\"><strong>Bes\u00f6k webbplatsen<\/strong><br>www.expro.technology<\/span>\n  <\/a><\/div>\n\n      <\/div>\n      <div class=\"marked-section__sidebar bw\">\n                                          \n\n\n<div class=\"image\">\n      <img loading=\"lazy\" decoding=\"async\" width=\"1000\" height=\"1262\" src=\"data:image\/jpeg;base64, \/9j\/4AAQSkZJRgABAQAAAQABAAD\/4QAYRXhpZgAASUkqAAgAAAAAAAAAAAAAAP\/tACxQaG90b3Nob3AgMy4wADhCSU0EBAAAAAAADxwBWgADGyVHHAIAAAIAAgD\/4QOIaHR0cDovL25zLmFkb2JlLmNvbS94YXAvMS4wLwA8P3hwYWNrZXQgYmVnaW49Iu+7vyIgaWQ9Ilc1TTBNcENlaGlIenJlU3pOVGN6a2M5ZCI\/PiA8eDp4bXBtZXRhIHhtbG5zOng9ImFkb2JlOm5zOm1ldGEvIiB4OnhtcHRrPSJBZG9iZSBYTVAgQ29yZSAxMC4wLWMwMDAgNzkuZDA0Y2MxNjk4LCAyMDI1LzA3LzAyLTEyOjE4OjEzICAgICAgICAiPiA8cmRmOlJERiB4bWxuczpyZGY9Imh0dHA6Ly93d3cudzMub3JnLzE5OTkvMDIvMjItcmRmLXN5bnRheC1ucyMiPiA8cmRmOkRlc2NyaXB0aW9uIHJkZjphYm91dD0iIiB4bWxuczp4bXBNTT0iaHR0cDovL25zLmFkb2JlLmNvbS94YXAvMS4wL21tLyIgeG1sbnM6c3RSZWY9Imh0dHA6Ly9ucy5hZG9iZS5jb20veGFwLzEuMC9zVHlwZS9SZXNvdXJjZVJlZiMiIHhtbG5zOnhtcD0iaHR0cDovL25zLmFkb2JlLmNvbS94YXAvMS4wLyIgeG1wTU06T3JpZ2luYWxEb2N1bWVudElEPSI3RUM3OTRGNjM0QjM5RDU4OEFFMTQ1QTE2NzEwNUJBRSIgeG1wTU06RG9jdW1lbnRJRD0ieG1wLmRpZDoyNjE1RjIxODI0MzIxMUYxQjBCN0VGQjU4MjUwQjAyOSIgeG1wTU06SW5zdGFuY2VJRD0ieG1wLmlpZDoyNjE1RjIxNzI0MzIxMUYxQjBCN0VGQjU4MjUwQjAyOSIgeG1wOkNyZWF0b3JUb29sPSJUb3BheiBHaWdhcGl4ZWwgQUkgOC4wLjMgKE1hY2ludG9zaCkiPiA8eG1wTU06RGVyaXZlZEZyb20gc3RSZWY6aW5zdGFuY2VJRD0ieG1wLmlpZDpjYmU2NmVjZC03MTQzLTQxOTItYjAxNS0wMzlkZDk5OWYyNTUiIHN0UmVmOmRvY3VtZW50SUQ9ImFkb2JlOmRvY2lkOnBob3Rvc2hvcDo4YWU2NzljOC1kZWUwLTA1NGMtOTU2ZS1iZDk0MWU2ZTE4MzYiLz4gPC9yZGY6RGVzY3JpcHRpb24+IDwvcmRmOlJERj4gPC94OnhtcG1ldGE+IDw\/eHBhY2tldCBlbmQ9InIiPz7\/2wBDAAYEBAUEBAYFBQUGBgYHCQ4JCQgICRINDQoOFRIWFhUSFBQXGiEcFxgfGRQUHScdHyIjJSUlFhwpLCgkKyEkJST\/2wBDAQYGBgkICREJCREkGBQYJCQkJCQkJCQkJCQkJCQkJCQkJCQkJCQkJCQkJCQkJCQkJCQkJCQkJCQkJCQkJCQkJCT\/wAARCAAQAA0DAREAAhEBAxEB\/8QAFQABAQAAAAAAAAAAAAAAAAAABgf\/xAAiEAABAwQCAgMAAAAAAAAAAAABAgMFBAYHEQAhFDETMnH\/xAAXAQEBAQEAAAAAAAAAAAAAAAAEAgMF\/8QAHhEAAQUAAwEBAAAAAAAAAAAAAQACAwQREjFBBSH\/2gAMAwEAAhEDEQA\/AEtxZIumRn5uIp7gEX4tStLCmGU7S2lRTrv2egdniGw76uXP9AxDePuJNhq85+VM3Ry8wZbwlM\/E8tkIVpQWTvX4ORJHw9SKVo2GlxGYpvc+H76kL6mZJuEecoXnnltqbqG0l0FZKR9ut9e+XHKGn9R7lR8jMj73U3wNj66LTanTPRqqNdW4ypoF1K9hIXvsE+tjmcjg7pLrROjBDl\/\/2Q==\" class=\"lazyload\" alt=\"\" data-sizes=\"auto\" data-srcset=\"https:\/\/www.brunngard.com\/wp-content\/uploads\/2026\/03\/BG_EXPRO_HUB_2.jpg 1000w, https:\/\/www.brunngard.com\/wp-content\/uploads\/2026\/03\/BG_EXPRO_HUB_2-238x300.jpg 238w, https:\/\/www.brunngard.com\/wp-content\/uploads\/2026\/03\/BG_EXPRO_HUB_2-811x1024.jpg 811w, https:\/\/www.brunngard.com\/wp-content\/uploads\/2026\/03\/BG_EXPRO_HUB_2-119x150.jpg 119w, https:\/\/www.brunngard.com\/wp-content\/uploads\/2026\/03\/BG_EXPRO_HUB_2-768x969.jpg 768w, https:\/\/www.brunngard.com\/wp-content\/uploads\/2026\/03\/BG_EXPRO_HUB_2-13x16.jpg 13w\" \/>\n  <\/div>\n\n                        <\/div>\n    <\/div>\n  <\/div>\n<\/div>\n<div class=\"marked-section\">\n  <div class=\"marked-section__inner bw bw--lw\">\n    \n<h2 class=\"marked-heading&#x20;lw&#x20;lw--fw&#x20;bw--lw&#x20;h1&#x20;is-style-big\">\n  <div class=\"marked-heading__inner lw lw--cntnt-pd\">\n    <span>Bli \u00e5terf\u00f6rs\u00e4ljare<\/span>\n  <\/div>\n<\/h2>\n    <div class=\"marked-section__columns lw lw--cntnt-pd\">\n      <div class=\"marked-section__content bw\">\n        \n\n<p>Vill du veta mer? Fyll i formul\u00e4ret s\u00e5 h\u00f6r vi av oss inom kort.<\/p>\n\n\n\n<div class=\"contact-spotlight&#x20;is-style-horizontal&#x20;lw&#x20;lw--cntnt-pd\">\n  <div class=\"contact-spotlight__inner\">\n        <div class=\"contact-spotlight__information\">\n      <h3 class=\"contact-spotlight__name\">\n        \n      <\/h3>\n      \n                <\/div>\n  <\/div>\n<\/div>\n\n      <\/div>\n      <div class=\"marked-section__sidebar bw\">\n                              <h2 class=\"h3\">Kontakta oss<\/h2>\n\n            \n<div class=\"wpcf7 no-js\" id=\"wpcf7-f2074-o1\" lang=\"sv-SE\" dir=\"ltr\" data-wpcf7-id=\"2074\">\n<div class=\"screen-reader-response\"><p role=\"status\" aria-live=\"polite\" aria-atomic=\"true\"><\/p> <ul><\/ul><\/div>\n<form action=\"\/sv\/wp-json\/wp\/v2\/pages\/2466#wpcf7-f2074-o1\" method=\"post\" class=\"wpcf7-form init wpcf7-acceptance-as-validation\" aria-label=\"Kontaktformul\u00e4r\" novalidate=\"novalidate\" data-status=\"init\">\n<fieldset class=\"hidden-fields-container\"><input type=\"hidden\" name=\"_wpcf7\" value=\"2074\" \/><input type=\"hidden\" name=\"_wpcf7_version\" value=\"6.1.5\" \/><input type=\"hidden\" name=\"_wpcf7_locale\" value=\"sv_SE\" \/><input type=\"hidden\" name=\"_wpcf7_unit_tag\" value=\"wpcf7-f2074-o1\" \/><input type=\"hidden\" name=\"_wpcf7_container_post\" value=\"0\" \/><input type=\"hidden\" name=\"_wpcf7_posted_data_hash\" value=\"\" \/>\n<\/fieldset>\n<div class=\"fields fields--hide-deferred\">\n\t<div class=\"field\">\n\t\t<p><label class=\"field__box\"><span class=\"field__label\">Namn*<\/span><span class=\"wpcf7-form-control-wrap\" data-name=\"your-name\"><input size=\"40\" maxlength=\"400\" class=\"wpcf7-form-control wpcf7-text wpcf7-validates-as-required\" aria-required=\"true\" aria-invalid=\"false\" value=\"\" type=\"text\" name=\"your-name\" \/><\/span><\/label>\n\t\t<\/p>\n\t<\/div>\n\t<div class=\"field\">\n\t\t<p><label class=\"field__box\"><span class=\"field__label\">E-post eller telefon*<\/span><span class=\"wpcf7-form-control-wrap\" data-name=\"your-contact-info\"><input size=\"40\" maxlength=\"400\" class=\"wpcf7-form-control wpcf7-text wpcf7-validates-as-required\" aria-required=\"true\" aria-invalid=\"false\" value=\"\" type=\"text\" name=\"your-contact-info\" \/><\/span><\/label>\n\t\t<\/p>\n\t<\/div>\n\t<div class=\"field\">\n\t\t<p><label class=\"field__box\"><span class=\"field__label\">Meddelande<\/span><span class=\"wpcf7-form-control-wrap\" data-name=\"your-message\"><textarea cols=\"40\" rows=\"10\" maxlength=\"2000\" class=\"wpcf7-form-control wpcf7-textarea\" aria-invalid=\"false\" placeholder=\"Skriv h\u00e4r...\" name=\"your-message\"><\/textarea><\/span><\/label>\n\t\t<\/p>\n\t<\/div>\n\t<div class=\"field field--deferred\">\n\t\t<p><span class=\"wpcf7-form-control-wrap\" data-name=\"acceptance\"><span class=\"wpcf7-form-control wpcf7-acceptance\"><span class=\"wpcf7-list-item\"><label><input type=\"checkbox\" name=\"acceptance\" value=\"1\" aria-invalid=\"false\" \/><span class=\"wpcf7-list-item-label\">Genom att klicka p\u00e5 kryssrutan ber jag Brunng\u00e5rd att kontakta mig, i enlighet med deras <a href=\"\/privacy-policy\" target=\"_blank\">integritetspolicy<\/a>.<\/span><\/label><\/span><\/span><\/span>\n\t\t<\/p>\n\t<\/div>\n<div class=\"wpcf7-response-output\" aria-hidden=\"true\"><\/div>\n\t<p><input class=\"wpcf7-form-control wpcf7-submit has-spinner btn btn--solid btn--full-width\" type=\"submit\" value=\"Skicka\" \/>\n\t<\/p>\n<\/div>\n<\/form>\n<\/div>\n\n                                  <\/div>\n    <\/div>\n  <\/div>\n<\/div>","protected":false},"excerpt":{"rendered":"","protected":false},"author":6,"featured_media":0,"parent":2038,"menu_order":0,"comment_status":"closed","ping_status":"closed","template":"","meta":{"_acf_changed":false,"inline_featured_image":false,"footnotes":""},"class_list":["post-2466","page","type-page","status-publish","hentry"],"acf":[],"yoast_head":"<!-- This site is optimized with the Yoast SEO plugin v27.4 - https:\/\/yoast.com\/product\/yoast-seo-wordpress\/ -->\n<title>EXPRO - Brunng\u00e5rd<\/title>\n<meta name=\"robots\" content=\"index, follow, max-snippet:-1, max-image-preview:large, max-video-preview:-1\" \/>\n<link rel=\"canonical\" href=\"https:\/\/www.brunngard.com\/sv\/vara-varumarken\/expro\" \/>\n<meta property=\"og:locale\" content=\"sv_SE\" \/>\n<meta property=\"og:type\" content=\"article\" \/>\n<meta property=\"og:title\" content=\"EXPRO - Brunng\u00e5rd\" \/>\n<meta property=\"og:url\" content=\"https:\/\/www.brunngard.com\/sv\/vara-varumarken\/expro\" \/>\n<meta property=\"og:site_name\" content=\"Brunng\u00e5rd\" \/>\n<meta property=\"article:modified_time\" content=\"2026-03-30T11:32:32+00:00\" \/>\n<meta name=\"twitter:card\" content=\"summary_large_image\" \/>\n<meta name=\"twitter:label1\" content=\"Ber\u00e4knad l\u00e4stid\" \/>\n\t<meta name=\"twitter:data1\" content=\"1 minut\" \/>\n<script type=\"application\/ld+json\" class=\"yoast-schema-graph\">{\"@context\":\"https:\\\/\\\/schema.org\",\"@graph\":[{\"@type\":\"WebPage\",\"@id\":\"https:\\\/\\\/www.brunngard.com\\\/sv\\\/vara-varumarken\\\/expro\",\"url\":\"https:\\\/\\\/www.brunngard.com\\\/sv\\\/vara-varumarken\\\/expro\",\"name\":\"EXPRO - Brunng\u00e5rd\",\"isPartOf\":{\"@id\":\"https:\\\/\\\/www.brunngard.com\\\/sv#website\"},\"datePublished\":\"2024-10-01T12:46:22+00:00\",\"dateModified\":\"2026-03-30T11:32:32+00:00\",\"breadcrumb\":{\"@id\":\"https:\\\/\\\/www.brunngard.com\\\/sv\\\/vara-varumarken\\\/expro#breadcrumb\"},\"inLanguage\":\"sv-SE\",\"potentialAction\":[{\"@type\":\"ReadAction\",\"target\":[\"https:\\\/\\\/www.brunngard.com\\\/sv\\\/vara-varumarken\\\/expro\"]}]},{\"@type\":\"BreadcrumbList\",\"@id\":\"https:\\\/\\\/www.brunngard.com\\\/sv\\\/vara-varumarken\\\/expro#breadcrumb\",\"itemListElement\":[{\"@type\":\"ListItem\",\"position\":1,\"name\":\"Hem\",\"item\":\"https:\\\/\\\/www.brunngard.com\\\/sv\"},{\"@type\":\"ListItem\",\"position\":2,\"name\":\"Varum\u00e4rken\",\"item\":\"https:\\\/\\\/www.brunngard.com\\\/sv\\\/vara-varumarken\"},{\"@type\":\"ListItem\",\"position\":3,\"name\":\"EXPRO\"}]},{\"@type\":\"WebSite\",\"@id\":\"https:\\\/\\\/www.brunngard.com\\\/sv#website\",\"url\":\"https:\\\/\\\/www.brunngard.com\\\/sv\",\"name\":\"Brunng\u00e5rd\",\"description\":\"Every Step Counts\",\"publisher\":{\"@id\":\"https:\\\/\\\/www.brunngard.com\\\/sv#organization\"},\"potentialAction\":[{\"@type\":\"SearchAction\",\"target\":{\"@type\":\"EntryPoint\",\"urlTemplate\":\"https:\\\/\\\/www.brunngard.com\\\/sv?s={search_term_string}\"},\"query-input\":{\"@type\":\"PropertyValueSpecification\",\"valueRequired\":true,\"valueName\":\"search_term_string\"}}],\"inLanguage\":\"sv-SE\"},{\"@type\":\"Organization\",\"@id\":\"https:\\\/\\\/www.brunngard.com\\\/sv#organization\",\"name\":\"Brunng\u00e5rd\",\"url\":\"https:\\\/\\\/www.brunngard.com\\\/sv\",\"logo\":{\"@type\":\"ImageObject\",\"inLanguage\":\"sv-SE\",\"@id\":\"https:\\\/\\\/www.brunngard.com\\\/sv#\\\/schema\\\/logo\\\/image\\\/\",\"url\":\"https:\\\/\\\/www.brunngard.com\\\/wp-content\\\/uploads\\\/2022\\\/03\\\/bg-logo.png\",\"contentUrl\":\"https:\\\/\\\/www.brunngard.com\\\/wp-content\\\/uploads\\\/2022\\\/03\\\/bg-logo.png\",\"width\":664,\"height\":127,\"caption\":\"Brunng\u00e5rd\"},\"image\":{\"@id\":\"https:\\\/\\\/www.brunngard.com\\\/sv#\\\/schema\\\/logo\\\/image\\\/\"},\"sameAs\":[\"https:\\\/\\\/se.linkedin.com\\\/company\\\/brunngard\"]}]}<\/script>\n<!-- \/ Yoast SEO plugin. -->","yoast_head_json":{"title":"EXPRO - Brunng\u00e5rd","robots":{"index":"index","follow":"follow","max-snippet":"max-snippet:-1","max-image-preview":"max-image-preview:large","max-video-preview":"max-video-preview:-1"},"canonical":"https:\/\/www.brunngard.com\/sv\/vara-varumarken\/expro","og_locale":"sv_SE","og_type":"article","og_title":"EXPRO - Brunng\u00e5rd","og_url":"https:\/\/www.brunngard.com\/sv\/vara-varumarken\/expro","og_site_name":"Brunng\u00e5rd","article_modified_time":"2026-03-30T11:32:32+00:00","twitter_card":"summary_large_image","twitter_misc":{"Ber\u00e4knad l\u00e4stid":"1 minut"},"schema":{"@context":"https:\/\/schema.org","@graph":[{"@type":"WebPage","@id":"https:\/\/www.brunngard.com\/sv\/vara-varumarken\/expro","url":"https:\/\/www.brunngard.com\/sv\/vara-varumarken\/expro","name":"EXPRO - Brunng\u00e5rd","isPartOf":{"@id":"https:\/\/www.brunngard.com\/sv#website"},"datePublished":"2024-10-01T12:46:22+00:00","dateModified":"2026-03-30T11:32:32+00:00","breadcrumb":{"@id":"https:\/\/www.brunngard.com\/sv\/vara-varumarken\/expro#breadcrumb"},"inLanguage":"sv-SE","potentialAction":[{"@type":"ReadAction","target":["https:\/\/www.brunngard.com\/sv\/vara-varumarken\/expro"]}]},{"@type":"BreadcrumbList","@id":"https:\/\/www.brunngard.com\/sv\/vara-varumarken\/expro#breadcrumb","itemListElement":[{"@type":"ListItem","position":1,"name":"Hem","item":"https:\/\/www.brunngard.com\/sv"},{"@type":"ListItem","position":2,"name":"Varum\u00e4rken","item":"https:\/\/www.brunngard.com\/sv\/vara-varumarken"},{"@type":"ListItem","position":3,"name":"EXPRO"}]},{"@type":"WebSite","@id":"https:\/\/www.brunngard.com\/sv#website","url":"https:\/\/www.brunngard.com\/sv","name":"Brunng\u00e5rd","description":"Every Step Counts","publisher":{"@id":"https:\/\/www.brunngard.com\/sv#organization"},"potentialAction":[{"@type":"SearchAction","target":{"@type":"EntryPoint","urlTemplate":"https:\/\/www.brunngard.com\/sv?s={search_term_string}"},"query-input":{"@type":"PropertyValueSpecification","valueRequired":true,"valueName":"search_term_string"}}],"inLanguage":"sv-SE"},{"@type":"Organization","@id":"https:\/\/www.brunngard.com\/sv#organization","name":"Brunng\u00e5rd","url":"https:\/\/www.brunngard.com\/sv","logo":{"@type":"ImageObject","inLanguage":"sv-SE","@id":"https:\/\/www.brunngard.com\/sv#\/schema\/logo\/image\/","url":"https:\/\/www.brunngard.com\/wp-content\/uploads\/2022\/03\/bg-logo.png","contentUrl":"https:\/\/www.brunngard.com\/wp-content\/uploads\/2022\/03\/bg-logo.png","width":664,"height":127,"caption":"Brunng\u00e5rd"},"image":{"@id":"https:\/\/www.brunngard.com\/sv#\/schema\/logo\/image\/"},"sameAs":["https:\/\/se.linkedin.com\/company\/brunngard"]}]}},"_links":{"self":[{"href":"https:\/\/www.brunngard.com\/sv\/wp-json\/wp\/v2\/pages\/2466","targetHints":{"allow":["GET"]}}],"collection":[{"href":"https:\/\/www.brunngard.com\/sv\/wp-json\/wp\/v2\/pages"}],"about":[{"href":"https:\/\/www.brunngard.com\/sv\/wp-json\/wp\/v2\/types\/page"}],"author":[{"embeddable":true,"href":"https:\/\/www.brunngard.com\/sv\/wp-json\/wp\/v2\/users\/6"}],"replies":[{"embeddable":true,"href":"https:\/\/www.brunngard.com\/sv\/wp-json\/wp\/v2\/comments?post=2466"}],"version-history":[{"count":14,"href":"https:\/\/www.brunngard.com\/sv\/wp-json\/wp\/v2\/pages\/2466\/revisions"}],"predecessor-version":[{"id":3566,"href":"https:\/\/www.brunngard.com\/sv\/wp-json\/wp\/v2\/pages\/2466\/revisions\/3566"}],"up":[{"embeddable":true,"href":"https:\/\/www.brunngard.com\/sv\/wp-json\/wp\/v2\/pages\/2038"}],"wp:attachment":[{"href":"https:\/\/www.brunngard.com\/sv\/wp-json\/wp\/v2\/media?parent=2466"}],"curies":[{"name":"wp","href":"https:\/\/api.w.org\/{rel}","templated":true}]}}