{"id":2787,"date":"2024-11-26T13:04:28","date_gmt":"2024-11-26T12:04:28","guid":{"rendered":"https:\/\/www.brunngard.com\/vara-varumarken\/expro\/expro-hub"},"modified":"2025-12-22T15:50:55","modified_gmt":"2025-12-22T14:50:55","slug":"expro-hub","status":"publish","type":"page","link":"https:\/\/www.brunngard.com\/sv\/vara-varumarken\/expro\/expro-hub","title":{"rendered":"EXPRO HUB"},"content":{"rendered":"\n<div class=\"hero&#x20;mc&#x20;mc--m&#x20;lw&#x20;lw--cntnt\">\n  <div class=\"hero__inner color-theme-white\">\n    <div class=\"hero__images\">\n              <div class=\"hero__image\">\n            \n\n\n<div class=\"image&#x20;image--object-fit\">\n      <img fetchpriority=\"high\" decoding=\"async\" width=\"2560\" height=\"775\" src=\"https:\/\/www.brunngard.com\/wp-content\/uploads\/2024\/11\/ExproHUB-scaled.jpg\" class=\"attachment- size-\" alt=\"\" loading=\"eager\" srcset=\"https:\/\/www.brunngard.com\/wp-content\/uploads\/2024\/11\/ExproHUB-scaled.jpg 2560w, https:\/\/www.brunngard.com\/wp-content\/uploads\/2024\/11\/ExproHUB-300x91.jpg 300w, https:\/\/www.brunngard.com\/wp-content\/uploads\/2024\/11\/ExproHUB-1024x310.jpg 1024w, https:\/\/www.brunngard.com\/wp-content\/uploads\/2024\/11\/ExproHUB-150x45.jpg 150w, https:\/\/www.brunngard.com\/wp-content\/uploads\/2024\/11\/ExproHUB-768x232.jpg 768w, https:\/\/www.brunngard.com\/wp-content\/uploads\/2024\/11\/ExproHUB-1536x465.jpg 1536w, https:\/\/www.brunngard.com\/wp-content\/uploads\/2024\/11\/ExproHUB-2048x620.jpg 2048w, https:\/\/www.brunngard.com\/wp-content\/uploads\/2024\/11\/ExproHUB-16x5.jpg 16w\" sizes=\"(max-width: 2560px) 100vw, 2560px\" \/>\n  <\/div>\n\n        <\/div>\n          <\/div>\n      <\/div>\n<\/div>  \n  <div class=\"breadcrumbs&#x20;mc&#x20;mc--l&#x20;lw&#x20;lw--cntnt-pd\">\n    <div class=\"breadcrumbs__inner\">\n              <span><span><a href=\"https:\/\/www.brunngard.com\/sv\"><span class=\"breadcrumbs__home-text\">Hem<\/span><span class=\"breadcrumbs__home-icon\">\n<span class=\"icon\">\n    <svg xmlns=\"http:\/\/www.w3.org\/2000\/svg\" aria-hidden=\"true\" focusable=\"false\" id=\"svg-69e0053c30588\" viewBox=\"0 0 16.55 20\"><path d=\"M2.76 20A2.76 2.76 0 0 1 0 17.24V7.95a2 2 0 0 1 .58-1.4L6.33.8a2.76 2.76 0 0 1 3.9 0l5.74 5.74a2 2 0 0 1 .59 1.4V17.26A2.76 2.76 0 0 1 13.79 20ZM8.92 2.1l5.79 5.8v9.34a.92.92 0 0 1-.92.92h-2.76v-4.6a2.76 2.76 0 1 0-5.51 0v4.6H2.76a.92.92 0 0 1-.92-.92V7.9l5.78-5.78a.92.92 0 0 1 1.3 0Z\" fill-rule=\"evenodd\"><\/path><\/svg>\n<\/span><\/span><\/a><\/span>\n          <\/div>\n  <\/div>\n\n<div class=\"marked-section&#x20;marked-section--offset\">\n  <div class=\"marked-section__inner bw bw--lw\">\n    \n<h2 class=\"marked-heading&#x20;lw&#x20;lw--fw&#x20;bw--lw&#x20;h1&#x20;is-style-big\">\n  <div class=\"marked-heading__inner lw lw--slm-cntnt-pd\">\n    <span>EXPRO HUB<\/span>\n  <\/div>\n<\/h2>\n    <div class=\"marked-section__columns lw lw--slm-cntnt-pd\">\n      <div class=\"marked-section__content bw\">\n        \n\n<h3 class=\"wp-block-heading\">Innovation och Service i butik<\/h3>\n\n\n\n<p>Brunng\u00e5rd \u00e4r stolta att presentera EXPRO HUB \u2013 en impregneringsmaskin som ger dina kunder en ny dimension av kundservice. V\u00e5r hub \u00e4r en innovativ design f\u00f6r att ge h\u00f6gpresterande och l\u00e5ngvarigt skydd med den EXPRO v\u00e4tskan. Denna service g\u00f6r det m\u00f6jligt att erbjuda h\u00f6gpresterande DWR-behandlingar direkt till konsumenten, vilket h\u00f6jer b\u00e5de serviceniv\u00e5 och h\u00e5llbarhet.<\/p>\n\n\n\n<p>Ge dina kunder en f\u00f6rstklassig serviceupplevelse samtidigt som du st\u00e4rker h\u00e5llbarheten i din verksamhet.<\/p>\n\n\n      <\/div>\n      <div class=\"marked-section__sidebar bw\">\n                                          \n\n\n<div class=\"image\">\n      <img loading=\"lazy\" decoding=\"async\" width=\"1200\" height=\"1200\" src=\"data:image\/jpeg;base64, \/9j\/4AAQSkZJRgABAQEAYABgAAD\/\/gA7Q1JFQVRPUjogZ2QtanBlZyB2MS4wICh1c2luZyBJSkcgSlBFRyB2ODApLCBxdWFsaXR5ID0gODIK\/9sAQwAGBAQFBAQGBQUFBgYGBwkOCQkICAkSDQ0KDhUSFhYVEhQUFxohHBcYHxkUFB0nHR8iIyUlJRYcKSwoJCshJCUk\/9sAQwEGBgYJCAkRCQkRJBgUGCQkJCQkJCQkJCQkJCQkJCQkJCQkJCQkJCQkJCQkJCQkJCQkJCQkJCQkJCQkJCQkJCQk\/8AAEQgAEAAQAwEiAAIRAQMRAf\/EAB8AAAEFAQEBAQEBAAAAAAAAAAABAgMEBQYHCAkKC\/\/EALUQAAIBAwMCBAMFBQQEAAABfQECAwAEEQUSITFBBhNRYQcicRQygZGhCCNCscEVUtHwJDNicoIJChYXGBkaJSYnKCkqNDU2Nzg5OkNERUZHSElKU1RVVldYWVpjZGVmZ2hpanN0dXZ3eHl6g4SFhoeIiYqSk5SVlpeYmZqio6Slpqeoqaqys7S1tre4ubrCw8TFxsfIycrS09TV1tfY2drh4uPk5ebn6Onq8fLz9PX29\/j5+v\/EAB8BAAMBAQEBAQEBAQEAAAAAAAABAgMEBQYHCAkKC\/\/EALURAAIBAgQEAwQHBQQEAAECdwABAgMRBAUhMQYSQVEHYXETIjKBCBRCkaGxwQkjM1LwFWJy0QoWJDThJfEXGBkaJicoKSo1Njc4OTpDREVGR0hJSlNUVVZXWFlaY2RlZmdoaWpzdHV2d3h5eoKDhIWGh4iJipKTlJWWl5iZmqKjpKWmp6ipqrKztLW2t7i5usLDxMXGx8jJytLT1NXW19jZ2uLj5OXm5+jp6vLz9PX29\/j5+v\/aAAwDAQACEQMRAD8A8Y+FvgjTvFr3P224uYRAgbFvGHZuuTgkcDH61N8R\/BmjeHLJjp9xeTSK6KTcKq9RngAn+dU\/h5qEunxTvFq8GktJG6i4m27eq8YPBJzTPHmunVST9rt7oYQNJAMIzAYJH\/66Q+h\/\/9k=\" class=\"lazyload\" alt=\"\" data-sizes=\"auto\" data-srcset=\"https:\/\/www.brunngard.com\/wp-content\/uploads\/2024\/11\/HUB1.jpg 1200w, https:\/\/www.brunngard.com\/wp-content\/uploads\/2024\/11\/HUB1-300x300.jpg 300w, https:\/\/www.brunngard.com\/wp-content\/uploads\/2024\/11\/HUB1-1024x1024.jpg 1024w, https:\/\/www.brunngard.com\/wp-content\/uploads\/2024\/11\/HUB1-150x150.jpg 150w, https:\/\/www.brunngard.com\/wp-content\/uploads\/2024\/11\/HUB1-768x768.jpg 768w, https:\/\/www.brunngard.com\/wp-content\/uploads\/2024\/11\/HUB1-16x16.jpg 16w\" \/>\n  <\/div>\n\n                        <\/div>\n    <\/div>\n  <\/div>\n<\/div>\n<div class=\"marked-section&#x20;marked-section--offset\">\n  <div class=\"marked-section__inner bw bw--lw\">\n    \n<h2 class=\"marked-heading&#x20;lw&#x20;lw--fw&#x20;bw--lw&#x20;h1&#x20;is-style-big\">\n  <div class=\"marked-heading__inner lw lw--cntnt-pd\">\n    <span>Kontakta oss<\/span>\n  <\/div>\n<\/h2>\n    <div class=\"marked-section__columns lw lw--cntnt-pd\">\n      <div class=\"marked-section__content bw\">\n        \n\n<p>Kontakta oss idag f\u00f6r att uppt\u00e4cka hur EXPRO HUB kan skapa nya dimensioner och tillf\u00f6ra v\u00e4rde till din verksamhet.<\/p>\n\n\n\n<div class=\"contact-spotlight&#x20;is-style-horizontal&#x20;lw&#x20;lw--cntnt-pd\">\n  <div class=\"contact-spotlight__inner\">\n        <div class=\"contact-spotlight__information\">\n      <h3 class=\"contact-spotlight__name\">\n        \n      <\/h3>\n      \n                <\/div>\n  <\/div>\n<\/div>\n\n      <\/div>\n      <div class=\"marked-section__sidebar bw\">\n                              <h3>Utforska mer om EXPRO<\/h3>\n\n            \n<div class=\"wpcf7 no-js\" id=\"wpcf7-f2074-o1\" lang=\"sv-SE\" dir=\"ltr\" data-wpcf7-id=\"2074\">\n<div class=\"screen-reader-response\"><p role=\"status\" aria-live=\"polite\" aria-atomic=\"true\"><\/p> <ul><\/ul><\/div>\n<form action=\"\/sv\/wp-json\/wp\/v2\/pages\/2787#wpcf7-f2074-o1\" method=\"post\" class=\"wpcf7-form init wpcf7-acceptance-as-validation\" aria-label=\"Kontaktformul\u00e4r\" novalidate=\"novalidate\" data-status=\"init\">\n<fieldset class=\"hidden-fields-container\"><input type=\"hidden\" name=\"_wpcf7\" value=\"2074\" \/><input type=\"hidden\" name=\"_wpcf7_version\" value=\"6.1.5\" \/><input type=\"hidden\" name=\"_wpcf7_locale\" value=\"sv_SE\" \/><input type=\"hidden\" name=\"_wpcf7_unit_tag\" value=\"wpcf7-f2074-o1\" \/><input type=\"hidden\" name=\"_wpcf7_container_post\" value=\"0\" \/><input type=\"hidden\" name=\"_wpcf7_posted_data_hash\" value=\"\" \/>\n<\/fieldset>\n<div class=\"fields fields--hide-deferred\">\n\t<div class=\"field\">\n\t\t<p><label class=\"field__box\"><span class=\"field__label\">Namn*<\/span><span class=\"wpcf7-form-control-wrap\" data-name=\"your-name\"><input size=\"40\" maxlength=\"400\" class=\"wpcf7-form-control wpcf7-text wpcf7-validates-as-required\" aria-required=\"true\" aria-invalid=\"false\" value=\"\" type=\"text\" name=\"your-name\" \/><\/span><\/label>\n\t\t<\/p>\n\t<\/div>\n\t<div class=\"field\">\n\t\t<p><label class=\"field__box\"><span class=\"field__label\">E-post eller telefon*<\/span><span class=\"wpcf7-form-control-wrap\" data-name=\"your-contact-info\"><input size=\"40\" maxlength=\"400\" class=\"wpcf7-form-control wpcf7-text wpcf7-validates-as-required\" aria-required=\"true\" aria-invalid=\"false\" value=\"\" type=\"text\" name=\"your-contact-info\" \/><\/span><\/label>\n\t\t<\/p>\n\t<\/div>\n\t<div class=\"field\">\n\t\t<p><label class=\"field__box\"><span class=\"field__label\">Meddelande<\/span><span class=\"wpcf7-form-control-wrap\" data-name=\"your-message\"><textarea cols=\"40\" rows=\"10\" maxlength=\"2000\" class=\"wpcf7-form-control wpcf7-textarea\" aria-invalid=\"false\" placeholder=\"Skriv h\u00e4r...\" name=\"your-message\"><\/textarea><\/span><\/label>\n\t\t<\/p>\n\t<\/div>\n\t<div class=\"field field--deferred\">\n\t\t<p><span class=\"wpcf7-form-control-wrap\" data-name=\"acceptance\"><span class=\"wpcf7-form-control wpcf7-acceptance\"><span class=\"wpcf7-list-item\"><label><input type=\"checkbox\" name=\"acceptance\" value=\"1\" aria-invalid=\"false\" \/><span class=\"wpcf7-list-item-label\">Genom att klicka p\u00e5 kryssrutan ber jag Brunng\u00e5rd att kontakta mig, i enlighet med deras <a href=\"\/privacy-policy\" target=\"_blank\">integritetspolicy<\/a>.<\/span><\/label><\/span><\/span><\/span>\n\t\t<\/p>\n\t<\/div>\n<div class=\"wpcf7-response-output\" aria-hidden=\"true\"><\/div>\n\t<p><input class=\"wpcf7-form-control wpcf7-submit has-spinner btn btn--solid btn--full-width\" type=\"submit\" value=\"Skicka\" \/>\n\t<\/p>\n<\/div>\n<\/form>\n<\/div>\n\n                                  <\/div>\n    <\/div>\n  <\/div>\n<\/div>\n<div class=\"wp-block-columns lw lw--cntnt-pd is-layout-flex wp-container-core-columns-is-layout-9d6595d7 wp-block-columns-is-layout-flex\">\n<div class=\"wp-block-column lw lw--cntnt-pd bw is-layout-flow wp-block-column-is-layout-flow\">\n<figure class=\"wp-block-image size-full lw lw--txt\"><img loading=\"lazy\" decoding=\"async\" width=\"1200\" height=\"1200\" src=\"https:\/\/www.brunngard.com\/wp-content\/uploads\/2024\/11\/HUB1.jpg\" alt=\"\" class=\"wp-image-2779\" srcset=\"https:\/\/www.brunngard.com\/wp-content\/uploads\/2024\/11\/HUB1.jpg 1200w, https:\/\/www.brunngard.com\/wp-content\/uploads\/2024\/11\/HUB1-300x300.jpg 300w, https:\/\/www.brunngard.com\/wp-content\/uploads\/2024\/11\/HUB1-1024x1024.jpg 1024w, https:\/\/www.brunngard.com\/wp-content\/uploads\/2024\/11\/HUB1-150x150.jpg 150w, https:\/\/www.brunngard.com\/wp-content\/uploads\/2024\/11\/HUB1-768x768.jpg 768w, https:\/\/www.brunngard.com\/wp-content\/uploads\/2024\/11\/HUB1-16x16.jpg 16w\" sizes=\"auto, (max-width: 1200px) 100vw, 1200px\" \/><\/figure>\n<\/div>\n\n\n\n<div class=\"wp-block-column lw lw--cntnt-pd bw is-layout-flow wp-block-column-is-layout-flow\">\n<figure class=\"wp-block-image size-full is-resized lw lw--txt\"><img loading=\"lazy\" decoding=\"async\" width=\"1200\" height=\"1200\" src=\"https:\/\/www.brunngard.com\/wp-content\/uploads\/2024\/11\/hub2.jpg\" alt=\"\" class=\"wp-image-2781\" style=\"width:427px;height:auto\" srcset=\"https:\/\/www.brunngard.com\/wp-content\/uploads\/2024\/11\/hub2.jpg 1200w, https:\/\/www.brunngard.com\/wp-content\/uploads\/2024\/11\/hub2-300x300.jpg 300w, https:\/\/www.brunngard.com\/wp-content\/uploads\/2024\/11\/hub2-1024x1024.jpg 1024w, https:\/\/www.brunngard.com\/wp-content\/uploads\/2024\/11\/hub2-150x150.jpg 150w, https:\/\/www.brunngard.com\/wp-content\/uploads\/2024\/11\/hub2-768x768.jpg 768w, https:\/\/www.brunngard.com\/wp-content\/uploads\/2024\/11\/hub2-16x16.jpg 16w\" sizes=\"auto, (max-width: 1200px) 100vw, 1200px\" \/><\/figure>\n<\/div>\n\n\n\n<div class=\"wp-block-column lw lw--cntnt-pd bw is-layout-flow wp-block-column-is-layout-flow\">\n<figure class=\"wp-block-image size-full lw lw--txt\"><img loading=\"lazy\" decoding=\"async\" width=\"1200\" height=\"1200\" src=\"https:\/\/www.brunngard.com\/wp-content\/uploads\/2024\/11\/hub3.jpg\" alt=\"\" class=\"wp-image-2783\" srcset=\"https:\/\/www.brunngard.com\/wp-content\/uploads\/2024\/11\/hub3.jpg 1200w, https:\/\/www.brunngard.com\/wp-content\/uploads\/2024\/11\/hub3-300x300.jpg 300w, https:\/\/www.brunngard.com\/wp-content\/uploads\/2024\/11\/hub3-1024x1024.jpg 1024w, https:\/\/www.brunngard.com\/wp-content\/uploads\/2024\/11\/hub3-150x150.jpg 150w, https:\/\/www.brunngard.com\/wp-content\/uploads\/2024\/11\/hub3-768x768.jpg 768w, https:\/\/www.brunngard.com\/wp-content\/uploads\/2024\/11\/hub3-16x16.jpg 16w\" sizes=\"auto, (max-width: 1200px) 100vw, 1200px\" \/><\/figure>\n<\/div>\n<\/div>\n\n<p><\/p>\n\n<div class=\"postcard&#x20;is-style-center&#x20;mc&#x20;mc--none&#x20;lw&#x20;lw--fw\">\n  <div class=\"postcard__inner\">\n    <div class=\"postcard__image\">\n        \n\n\n<div class=\"image&#x20;image--object-fit\">\n      <img width=\"1920\" height=\"1080\" data-src=\"https:\/\/www.brunngard.com\/wp-content\/uploads\/2022\/03\/Natur_reusability1.jpg\" class=\"lazyload\" alt=\"\" data-sizes=\"auto\" data-srcset=\"https:\/\/www.brunngard.com\/wp-content\/uploads\/2022\/03\/Natur_reusability1.jpg 1920w, https:\/\/www.brunngard.com\/wp-content\/uploads\/2022\/03\/Natur_reusability1-300x169.jpg 300w, https:\/\/www.brunngard.com\/wp-content\/uploads\/2022\/03\/Natur_reusability1-1024x576.jpg 1024w, https:\/\/www.brunngard.com\/wp-content\/uploads\/2022\/03\/Natur_reusability1-150x84.jpg 150w, https:\/\/www.brunngard.com\/wp-content\/uploads\/2022\/03\/Natur_reusability1-768x432.jpg 768w, https:\/\/www.brunngard.com\/wp-content\/uploads\/2022\/03\/Natur_reusability1-1536x864.jpg 1536w, https:\/\/www.brunngard.com\/wp-content\/uploads\/2022\/03\/Natur_reusability1-16x9.jpg 16w\" \/>\n  <\/div>\n\n    <\/div>\n    <div class=\"postcard__content bw color-theme-white\">\n      \n\n<div class=\"kicker&#x20;aligncenter&#x20;lw&#x20;lw--txt\">\n  <div class=\"kicker__inner\">\n    H\u00e5llbarhet\n  <\/div>\n<\/div>\n\n\n<h2 class=\"wp-block-heading has-text-align-center is-style-big\">Ta hand om dig sj\u00e4lv och dina \u00e4godelar<\/h2>\n\n\n\n<p class=\"has-text-align-center\">Vi vet alla att betydande livsstilsf\u00f6r\u00e4ndringar beh\u00f6vs f\u00f6r att bevara planetens resurser. Varje litet steg bidrar till en h\u00e5llbar framtid. Ingen kan g\u00f6ra allt, men alla kan g\u00f6ra n\u00e5got. V\u00e5rt motto: EVERY STEP COUNTS<\/p>\n\n\n\n\n\n<div class=\"btn-group&#x20;lw&#x20;lw--txt&#x20;aligncenter\">\n  <div class=\"btn-group__inner\">\n                  \n<a class=\"btn&#x20;btn--solid&#x20;btn--color-main\" href=\"https&#x3A;&#x2F;&#x2F;www.brunngard.com&#x2F;sv&#x2F;hallbarhet\" target=\"\">\n  <span>L\u00e4s mer<\/span>\n  <\/a>\n            <\/div>\n<\/div>\n\n    <\/div>\n  <\/div>\n<\/div>","protected":false},"excerpt":{"rendered":"","protected":false},"author":6,"featured_media":0,"parent":2466,"menu_order":0,"comment_status":"closed","ping_status":"closed","template":"","meta":{"_acf_changed":false,"inline_featured_image":false,"footnotes":""},"class_list":["post-2787","page","type-page","status-publish","hentry"],"acf":[],"yoast_head":"<!-- This site is optimized with the Yoast SEO plugin v27.3 - https:\/\/yoast.com\/product\/yoast-seo-wordpress\/ -->\n<title>EXPRO HUB - Brunng\u00e5rd<\/title>\n<meta name=\"robots\" content=\"index, follow, max-snippet:-1, max-image-preview:large, max-video-preview:-1\" \/>\n<link rel=\"canonical\" href=\"https:\/\/www.brunngard.com\/sv\/vara-varumarken\/expro\/expro-hub\" \/>\n<meta property=\"og:locale\" content=\"sv_SE\" \/>\n<meta property=\"og:type\" content=\"article\" \/>\n<meta property=\"og:title\" content=\"EXPRO HUB - Brunng\u00e5rd\" \/>\n<meta property=\"og:url\" content=\"https:\/\/www.brunngard.com\/sv\/vara-varumarken\/expro\/expro-hub\" \/>\n<meta property=\"og:site_name\" content=\"Brunng\u00e5rd\" \/>\n<meta property=\"article:modified_time\" content=\"2025-12-22T14:50:55+00:00\" \/>\n<meta property=\"og:image\" content=\"https:\/\/www.brunngard.com\/wp-content\/uploads\/2024\/11\/HUB1.jpg\" \/>\n<meta name=\"twitter:card\" content=\"summary_large_image\" \/>\n<meta name=\"twitter:label1\" content=\"Ber\u00e4knad l\u00e4stid\" \/>\n\t<meta name=\"twitter:data1\" content=\"1 minut\" \/>\n<script type=\"application\/ld+json\" class=\"yoast-schema-graph\">{\"@context\":\"https:\\\/\\\/schema.org\",\"@graph\":[{\"@type\":\"WebPage\",\"@id\":\"https:\\\/\\\/www.brunngard.com\\\/sv\\\/vara-varumarken\\\/expro\\\/expro-hub\",\"url\":\"https:\\\/\\\/www.brunngard.com\\\/sv\\\/vara-varumarken\\\/expro\\\/expro-hub\",\"name\":\"EXPRO HUB - Brunng\u00e5rd\",\"isPartOf\":{\"@id\":\"https:\\\/\\\/www.brunngard.com\\\/sv#website\"},\"primaryImageOfPage\":{\"@id\":\"https:\\\/\\\/www.brunngard.com\\\/sv\\\/vara-varumarken\\\/expro\\\/expro-hub#primaryimage\"},\"image\":{\"@id\":\"https:\\\/\\\/www.brunngard.com\\\/sv\\\/vara-varumarken\\\/expro\\\/expro-hub#primaryimage\"},\"thumbnailUrl\":\"https:\\\/\\\/www.brunngard.com\\\/wp-content\\\/uploads\\\/2024\\\/11\\\/HUB1.jpg\",\"datePublished\":\"2024-11-26T12:04:28+00:00\",\"dateModified\":\"2025-12-22T14:50:55+00:00\",\"breadcrumb\":{\"@id\":\"https:\\\/\\\/www.brunngard.com\\\/sv\\\/vara-varumarken\\\/expro\\\/expro-hub#breadcrumb\"},\"inLanguage\":\"sv-SE\",\"potentialAction\":[{\"@type\":\"ReadAction\",\"target\":[\"https:\\\/\\\/www.brunngard.com\\\/sv\\\/vara-varumarken\\\/expro\\\/expro-hub\"]}]},{\"@type\":\"ImageObject\",\"inLanguage\":\"sv-SE\",\"@id\":\"https:\\\/\\\/www.brunngard.com\\\/sv\\\/vara-varumarken\\\/expro\\\/expro-hub#primaryimage\",\"url\":\"https:\\\/\\\/www.brunngard.com\\\/wp-content\\\/uploads\\\/2024\\\/11\\\/HUB1.jpg\",\"contentUrl\":\"https:\\\/\\\/www.brunngard.com\\\/wp-content\\\/uploads\\\/2024\\\/11\\\/HUB1.jpg\"},{\"@type\":\"BreadcrumbList\",\"@id\":\"https:\\\/\\\/www.brunngard.com\\\/sv\\\/vara-varumarken\\\/expro\\\/expro-hub#breadcrumb\",\"itemListElement\":[{\"@type\":\"ListItem\",\"position\":1,\"name\":\"Hem\",\"item\":\"https:\\\/\\\/www.brunngard.com\\\/sv\"},{\"@type\":\"ListItem\",\"position\":2,\"name\":\"Varum\u00e4rken\",\"item\":\"https:\\\/\\\/www.brunngard.com\\\/sv\\\/vara-varumarken\"},{\"@type\":\"ListItem\",\"position\":3,\"name\":\"EXPRO\",\"item\":\"https:\\\/\\\/www.brunngard.com\\\/sv\\\/vara-varumarken\\\/expro\"},{\"@type\":\"ListItem\",\"position\":4,\"name\":\"EXPRO HUB\"}]},{\"@type\":\"WebSite\",\"@id\":\"https:\\\/\\\/www.brunngard.com\\\/sv#website\",\"url\":\"https:\\\/\\\/www.brunngard.com\\\/sv\",\"name\":\"Brunng\u00e5rd\",\"description\":\"Every Step Counts\",\"publisher\":{\"@id\":\"https:\\\/\\\/www.brunngard.com\\\/sv#organization\"},\"potentialAction\":[{\"@type\":\"SearchAction\",\"target\":{\"@type\":\"EntryPoint\",\"urlTemplate\":\"https:\\\/\\\/www.brunngard.com\\\/sv?s={search_term_string}\"},\"query-input\":{\"@type\":\"PropertyValueSpecification\",\"valueRequired\":true,\"valueName\":\"search_term_string\"}}],\"inLanguage\":\"sv-SE\"},{\"@type\":\"Organization\",\"@id\":\"https:\\\/\\\/www.brunngard.com\\\/sv#organization\",\"name\":\"Brunng\u00e5rd\",\"url\":\"https:\\\/\\\/www.brunngard.com\\\/sv\",\"logo\":{\"@type\":\"ImageObject\",\"inLanguage\":\"sv-SE\",\"@id\":\"https:\\\/\\\/www.brunngard.com\\\/sv#\\\/schema\\\/logo\\\/image\\\/\",\"url\":\"https:\\\/\\\/www.brunngard.com\\\/wp-content\\\/uploads\\\/2022\\\/03\\\/bg-logo.png\",\"contentUrl\":\"https:\\\/\\\/www.brunngard.com\\\/wp-content\\\/uploads\\\/2022\\\/03\\\/bg-logo.png\",\"width\":664,\"height\":127,\"caption\":\"Brunng\u00e5rd\"},\"image\":{\"@id\":\"https:\\\/\\\/www.brunngard.com\\\/sv#\\\/schema\\\/logo\\\/image\\\/\"},\"sameAs\":[\"https:\\\/\\\/se.linkedin.com\\\/company\\\/brunngard\"]}]}<\/script>\n<!-- \/ Yoast SEO plugin. -->","yoast_head_json":{"title":"EXPRO HUB - Brunng\u00e5rd","robots":{"index":"index","follow":"follow","max-snippet":"max-snippet:-1","max-image-preview":"max-image-preview:large","max-video-preview":"max-video-preview:-1"},"canonical":"https:\/\/www.brunngard.com\/sv\/vara-varumarken\/expro\/expro-hub","og_locale":"sv_SE","og_type":"article","og_title":"EXPRO HUB - Brunng\u00e5rd","og_url":"https:\/\/www.brunngard.com\/sv\/vara-varumarken\/expro\/expro-hub","og_site_name":"Brunng\u00e5rd","article_modified_time":"2025-12-22T14:50:55+00:00","og_image":[{"url":"https:\/\/www.brunngard.com\/wp-content\/uploads\/2024\/11\/HUB1.jpg","type":"","width":"","height":""}],"twitter_card":"summary_large_image","twitter_misc":{"Ber\u00e4knad l\u00e4stid":"1 minut"},"schema":{"@context":"https:\/\/schema.org","@graph":[{"@type":"WebPage","@id":"https:\/\/www.brunngard.com\/sv\/vara-varumarken\/expro\/expro-hub","url":"https:\/\/www.brunngard.com\/sv\/vara-varumarken\/expro\/expro-hub","name":"EXPRO HUB - Brunng\u00e5rd","isPartOf":{"@id":"https:\/\/www.brunngard.com\/sv#website"},"primaryImageOfPage":{"@id":"https:\/\/www.brunngard.com\/sv\/vara-varumarken\/expro\/expro-hub#primaryimage"},"image":{"@id":"https:\/\/www.brunngard.com\/sv\/vara-varumarken\/expro\/expro-hub#primaryimage"},"thumbnailUrl":"https:\/\/www.brunngard.com\/wp-content\/uploads\/2024\/11\/HUB1.jpg","datePublished":"2024-11-26T12:04:28+00:00","dateModified":"2025-12-22T14:50:55+00:00","breadcrumb":{"@id":"https:\/\/www.brunngard.com\/sv\/vara-varumarken\/expro\/expro-hub#breadcrumb"},"inLanguage":"sv-SE","potentialAction":[{"@type":"ReadAction","target":["https:\/\/www.brunngard.com\/sv\/vara-varumarken\/expro\/expro-hub"]}]},{"@type":"ImageObject","inLanguage":"sv-SE","@id":"https:\/\/www.brunngard.com\/sv\/vara-varumarken\/expro\/expro-hub#primaryimage","url":"https:\/\/www.brunngard.com\/wp-content\/uploads\/2024\/11\/HUB1.jpg","contentUrl":"https:\/\/www.brunngard.com\/wp-content\/uploads\/2024\/11\/HUB1.jpg"},{"@type":"BreadcrumbList","@id":"https:\/\/www.brunngard.com\/sv\/vara-varumarken\/expro\/expro-hub#breadcrumb","itemListElement":[{"@type":"ListItem","position":1,"name":"Hem","item":"https:\/\/www.brunngard.com\/sv"},{"@type":"ListItem","position":2,"name":"Varum\u00e4rken","item":"https:\/\/www.brunngard.com\/sv\/vara-varumarken"},{"@type":"ListItem","position":3,"name":"EXPRO","item":"https:\/\/www.brunngard.com\/sv\/vara-varumarken\/expro"},{"@type":"ListItem","position":4,"name":"EXPRO HUB"}]},{"@type":"WebSite","@id":"https:\/\/www.brunngard.com\/sv#website","url":"https:\/\/www.brunngard.com\/sv","name":"Brunng\u00e5rd","description":"Every Step Counts","publisher":{"@id":"https:\/\/www.brunngard.com\/sv#organization"},"potentialAction":[{"@type":"SearchAction","target":{"@type":"EntryPoint","urlTemplate":"https:\/\/www.brunngard.com\/sv?s={search_term_string}"},"query-input":{"@type":"PropertyValueSpecification","valueRequired":true,"valueName":"search_term_string"}}],"inLanguage":"sv-SE"},{"@type":"Organization","@id":"https:\/\/www.brunngard.com\/sv#organization","name":"Brunng\u00e5rd","url":"https:\/\/www.brunngard.com\/sv","logo":{"@type":"ImageObject","inLanguage":"sv-SE","@id":"https:\/\/www.brunngard.com\/sv#\/schema\/logo\/image\/","url":"https:\/\/www.brunngard.com\/wp-content\/uploads\/2022\/03\/bg-logo.png","contentUrl":"https:\/\/www.brunngard.com\/wp-content\/uploads\/2022\/03\/bg-logo.png","width":664,"height":127,"caption":"Brunng\u00e5rd"},"image":{"@id":"https:\/\/www.brunngard.com\/sv#\/schema\/logo\/image\/"},"sameAs":["https:\/\/se.linkedin.com\/company\/brunngard"]}]}},"_links":{"self":[{"href":"https:\/\/www.brunngard.com\/sv\/wp-json\/wp\/v2\/pages\/2787","targetHints":{"allow":["GET"]}}],"collection":[{"href":"https:\/\/www.brunngard.com\/sv\/wp-json\/wp\/v2\/pages"}],"about":[{"href":"https:\/\/www.brunngard.com\/sv\/wp-json\/wp\/v2\/types\/page"}],"author":[{"embeddable":true,"href":"https:\/\/www.brunngard.com\/sv\/wp-json\/wp\/v2\/users\/6"}],"replies":[{"embeddable":true,"href":"https:\/\/www.brunngard.com\/sv\/wp-json\/wp\/v2\/comments?post=2787"}],"version-history":[{"count":5,"href":"https:\/\/www.brunngard.com\/sv\/wp-json\/wp\/v2\/pages\/2787\/revisions"}],"predecessor-version":[{"id":3380,"href":"https:\/\/www.brunngard.com\/sv\/wp-json\/wp\/v2\/pages\/2787\/revisions\/3380"}],"up":[{"embeddable":true,"href":"https:\/\/www.brunngard.com\/sv\/wp-json\/wp\/v2\/pages\/2466"}],"wp:attachment":[{"href":"https:\/\/www.brunngard.com\/sv\/wp-json\/wp\/v2\/media?parent=2787"}],"curies":[{"name":"wp","href":"https:\/\/api.w.org\/{rel}","templated":true}]}}