{"id":2927,"date":"2025-01-13T08:39:31","date_gmt":"2025-01-13T07:39:31","guid":{"rendered":"https:\/\/www.brunngard.com\/?page_id=2927"},"modified":"2025-01-29T09:07:02","modified_gmt":"2025-01-29T08:07:02","slug":"stockholm-fashion-week-trade","status":"publish","type":"page","link":"https:\/\/www.brunngard.com\/sv\/stockholm-fashion-week-trade","title":{"rendered":"Stockholm Fashion Week Trade"},"content":{"rendered":"\n<div class=\"hero&#x20;mc&#x20;mc--m&#x20;lw&#x20;lw--cntnt\">\n  <div class=\"hero__inner color-theme-white\">\n    <div class=\"hero__images\">\n              <div class=\"hero__image\">\n            \n\n\n<div class=\"image&#x20;image--object-fit\">\n      <img fetchpriority=\"high\" decoding=\"async\" width=\"1500\" height=\"517\" src=\"https:\/\/www.brunngard.com\/wp-content\/uploads\/2025\/01\/Springyard_Expro-HUB_Fair.jpg\" class=\"attachment- size-\" alt=\"\" loading=\"eager\" srcset=\"https:\/\/www.brunngard.com\/wp-content\/uploads\/2025\/01\/Springyard_Expro-HUB_Fair.jpg 1500w, https:\/\/www.brunngard.com\/wp-content\/uploads\/2025\/01\/Springyard_Expro-HUB_Fair-300x103.jpg 300w, https:\/\/www.brunngard.com\/wp-content\/uploads\/2025\/01\/Springyard_Expro-HUB_Fair-1024x353.jpg 1024w, https:\/\/www.brunngard.com\/wp-content\/uploads\/2025\/01\/Springyard_Expro-HUB_Fair-150x52.jpg 150w, https:\/\/www.brunngard.com\/wp-content\/uploads\/2025\/01\/Springyard_Expro-HUB_Fair-768x265.jpg 768w, https:\/\/www.brunngard.com\/wp-content\/uploads\/2025\/01\/Springyard_Expro-HUB_Fair-16x6.jpg 16w\" sizes=\"(max-width: 1500px) 100vw, 1500px\" \/>\n  <\/div>\n\n        <\/div>\n          <\/div>\n      <\/div>\n<\/div>  \n  <div class=\"breadcrumbs&#x20;mc&#x20;mc--l&#x20;lw&#x20;lw--cntnt-pd\">\n    <div class=\"breadcrumbs__inner\">\n              <span><span><a href=\"https:\/\/www.brunngard.com\/sv\"><span class=\"breadcrumbs__home-text\">Hem<\/span><span class=\"breadcrumbs__home-icon\">\n<span class=\"icon\">\n    <svg xmlns=\"http:\/\/www.w3.org\/2000\/svg\" aria-hidden=\"true\" focusable=\"false\" id=\"svg-6a04eb19c7424\" viewBox=\"0 0 16.55 20\"><path d=\"M2.76 20A2.76 2.76 0 0 1 0 17.24V7.95a2 2 0 0 1 .58-1.4L6.33.8a2.76 2.76 0 0 1 3.9 0l5.74 5.74a2 2 0 0 1 .59 1.4V17.26A2.76 2.76 0 0 1 13.79 20ZM8.92 2.1l5.79 5.8v9.34a.92.92 0 0 1-.92.92h-2.76v-4.6a2.76 2.76 0 1 0-5.51 0v4.6H2.76a.92.92 0 0 1-.92-.92V7.9l5.78-5.78a.92.92 0 0 1 1.3 0Z\" fill-rule=\"evenodd\"><\/path><\/svg>\n<\/span><\/span><\/a><\/span>\n          <\/div>\n  <\/div>\n\n\n\n<div class=\"marked-section\">\n  <div class=\"marked-section__inner bw bw--lw\">\n    \n<h2 class=\"marked-heading&#x20;lw&#x20;lw--fw&#x20;bw--lw&#x20;h1&#x20;is-style-big\">\n  <div class=\"marked-heading__inner lw lw--slm-cntnt-pd\">\n    <span>Var med och t\u00e4vla<\/span>\n  <\/div>\n<\/h2>\n    <div class=\"marked-section__columns lw lw--slm-cntnt-pd\">\n      <div class=\"marked-section__content bw\">\n        \n\n<p><strong>Var med och t\u00e4vla om en h\u00e4rlig presentkorg!<\/strong><br>Presentkorgen \u00e4r fylld med godsaker fr\u00e5n oss \u2013 inklusive v\u00e5ra \u00e4lskade Ulle-tofflor.<br><br><strong>S\u00e5 h\u00e4r deltar du:<\/strong><br>1. Fyll i ditt namn och din jobbmail*<br>2. Ange f\u00f6retag, \u00f6nskad f\u00e4rg och skostorlek i meddelandef\u00e4ltet.<\/p>\n\n\n\n<p><em><sub>*Genom att delta i t\u00e4vlingen godk\u00e4nner du att vi f\u00e5r skicka relevanta erbjudanden och kommunikation till dig.<\/sub><\/em><br><br>Lycka till!<\/p>\n\n\n      <\/div>\n      <div class=\"marked-section__sidebar bw\">\n                              <h2 class=\"h3\">Delta h\u00e4r<\/h2>\n\n            \n<div class=\"wpcf7 no-js\" id=\"wpcf7-f2074-o1\" lang=\"sv-SE\" dir=\"ltr\" data-wpcf7-id=\"2074\">\n<div class=\"screen-reader-response\"><p role=\"status\" aria-live=\"polite\" aria-atomic=\"true\"><\/p> <ul><\/ul><\/div>\n<form action=\"\/sv\/wp-json\/wp\/v2\/pages\/2927#wpcf7-f2074-o1\" method=\"post\" class=\"wpcf7-form init wpcf7-acceptance-as-validation\" aria-label=\"Kontaktformul\u00e4r\" novalidate=\"novalidate\" data-status=\"init\">\n<fieldset class=\"hidden-fields-container\"><input type=\"hidden\" name=\"_wpcf7\" value=\"2074\" \/><input type=\"hidden\" name=\"_wpcf7_version\" value=\"6.1.5\" \/><input type=\"hidden\" name=\"_wpcf7_locale\" value=\"sv_SE\" \/><input type=\"hidden\" name=\"_wpcf7_unit_tag\" value=\"wpcf7-f2074-o1\" \/><input type=\"hidden\" name=\"_wpcf7_container_post\" value=\"0\" \/><input type=\"hidden\" name=\"_wpcf7_posted_data_hash\" value=\"\" \/>\n<\/fieldset>\n<div class=\"fields fields--hide-deferred\">\n\t<div class=\"field\">\n\t\t<p><label class=\"field__box\"><span class=\"field__label\">Namn*<\/span><span class=\"wpcf7-form-control-wrap\" data-name=\"your-name\"><input size=\"40\" maxlength=\"400\" class=\"wpcf7-form-control wpcf7-text wpcf7-validates-as-required\" aria-required=\"true\" aria-invalid=\"false\" value=\"\" type=\"text\" name=\"your-name\" \/><\/span><\/label>\n\t\t<\/p>\n\t<\/div>\n\t<div class=\"field\">\n\t\t<p><label class=\"field__box\"><span class=\"field__label\">E-post eller telefon*<\/span><span class=\"wpcf7-form-control-wrap\" data-name=\"your-contact-info\"><input size=\"40\" maxlength=\"400\" class=\"wpcf7-form-control wpcf7-text wpcf7-validates-as-required\" aria-required=\"true\" aria-invalid=\"false\" value=\"\" type=\"text\" name=\"your-contact-info\" \/><\/span><\/label>\n\t\t<\/p>\n\t<\/div>\n\t<div class=\"field\">\n\t\t<p><label class=\"field__box\"><span class=\"field__label\">Meddelande<\/span><span class=\"wpcf7-form-control-wrap\" data-name=\"your-message\"><textarea cols=\"40\" rows=\"10\" maxlength=\"2000\" class=\"wpcf7-form-control wpcf7-textarea\" aria-invalid=\"false\" placeholder=\"Skriv h\u00e4r...\" name=\"your-message\"><\/textarea><\/span><\/label>\n\t\t<\/p>\n\t<\/div>\n\t<div class=\"field field--deferred\">\n\t\t<p><span class=\"wpcf7-form-control-wrap\" data-name=\"acceptance\"><span class=\"wpcf7-form-control wpcf7-acceptance\"><span class=\"wpcf7-list-item\"><label><input type=\"checkbox\" name=\"acceptance\" value=\"1\" aria-invalid=\"false\" \/><span class=\"wpcf7-list-item-label\">Genom att klicka p\u00e5 kryssrutan ber jag Brunng\u00e5rd att kontakta mig, i enlighet med deras <a href=\"\/privacy-policy\" target=\"_blank\">integritetspolicy<\/a>.<\/span><\/label><\/span><\/span><\/span>\n\t\t<\/p>\n\t<\/div>\n<div class=\"wpcf7-response-output\" aria-hidden=\"true\"><\/div>\n\t<p><input class=\"wpcf7-form-control wpcf7-submit has-spinner btn btn--solid btn--full-width\" type=\"submit\" value=\"Skicka\" \/>\n\t<\/p>\n<\/div>\n<\/form>\n<\/div>\n\n                                  <\/div>\n    <\/div>\n  <\/div>\n<\/div>\n\n\n<div class=\"postcard&#x20;is-style-center&#x20;mc&#x20;mc--none&#x20;lw&#x20;lw--fw\">\n  <div class=\"postcard__inner\">\n    <div class=\"postcard__image\">\n        \n\n\n<div class=\"image&#x20;image--object-fit\">\n      <img width=\"1920\" height=\"1080\" data-src=\"https:\/\/www.brunngard.com\/wp-content\/uploads\/2022\/03\/Natur_reusability1.jpg\" class=\"lazyload\" alt=\"\" data-sizes=\"auto\" data-srcset=\"https:\/\/www.brunngard.com\/wp-content\/uploads\/2022\/03\/Natur_reusability1.jpg 1920w, https:\/\/www.brunngard.com\/wp-content\/uploads\/2022\/03\/Natur_reusability1-300x169.jpg 300w, https:\/\/www.brunngard.com\/wp-content\/uploads\/2022\/03\/Natur_reusability1-1024x576.jpg 1024w, https:\/\/www.brunngard.com\/wp-content\/uploads\/2022\/03\/Natur_reusability1-150x84.jpg 150w, https:\/\/www.brunngard.com\/wp-content\/uploads\/2022\/03\/Natur_reusability1-768x432.jpg 768w, https:\/\/www.brunngard.com\/wp-content\/uploads\/2022\/03\/Natur_reusability1-1536x864.jpg 1536w, https:\/\/www.brunngard.com\/wp-content\/uploads\/2022\/03\/Natur_reusability1-16x9.jpg 16w\" \/>\n  <\/div>\n\n    <\/div>\n    <div class=\"postcard__content bw color-theme-white\">\n      \n\n<div class=\"kicker&#x20;aligncenter&#x20;lw&#x20;lw--txt\">\n  <div class=\"kicker__inner\">\n    Reusability\n  <\/div>\n<\/div>\n\n\n<h2 class=\"wp-block-heading has-text-align-center is-style-big\">Take care of yourself and your belongings<\/h2>\n\n\n\n<p class=\"has-text-align-center\">At Brunng\u00e5rd we realize that we all need to change our way of living to manage the planet&#8217;s resources. We know that no one can do everything, but everyone can do something, which we summarize in our motto: Every step counts.<\/p>\n\n\n\n\n\n<div class=\"btn-group&#x20;lw&#x20;lw--txt&#x20;aligncenter\">\n  <div class=\"btn-group__inner\">\n                  \n<a class=\"btn&#x20;btn--solid&#x20;btn--color-main\" href=\"https&#x3A;&#x2F;&#x2F;www.brunngard.com&#x2F;reusability\" target=\"\">\n  <span>Read more<\/span>\n  <\/a>\n            <\/div>\n<\/div>\n\n    <\/div>\n  <\/div>\n<\/div>","protected":false},"excerpt":{"rendered":"","protected":false},"author":6,"featured_media":0,"parent":0,"menu_order":0,"comment_status":"closed","ping_status":"closed","template":"","meta":{"_acf_changed":false,"inline_featured_image":false,"footnotes":""},"class_list":["post-2927","page","type-page","status-publish","hentry"],"acf":[],"yoast_head":"<!-- This site is optimized with the Yoast SEO plugin v27.5 - https:\/\/yoast.com\/product\/yoast-seo-wordpress\/ -->\n<title>Stockholm Fashion Week Trade - Brunng\u00e5rd<\/title>\n<meta name=\"robots\" content=\"index, follow, max-snippet:-1, max-image-preview:large, max-video-preview:-1\" \/>\n<link rel=\"canonical\" href=\"https:\/\/www.brunngard.com\/sv\/stockholm-fashion-week-trade\" \/>\n<meta property=\"og:locale\" content=\"sv_SE\" \/>\n<meta property=\"og:type\" content=\"article\" \/>\n<meta property=\"og:title\" content=\"Stockholm Fashion Week Trade - Brunng\u00e5rd\" \/>\n<meta property=\"og:url\" content=\"https:\/\/www.brunngard.com\/sv\/stockholm-fashion-week-trade\" \/>\n<meta property=\"og:site_name\" content=\"Brunng\u00e5rd\" \/>\n<meta property=\"article:modified_time\" content=\"2025-01-29T08:07:02+00:00\" \/>\n<meta name=\"twitter:card\" content=\"summary_large_image\" \/>\n<meta name=\"twitter:label1\" content=\"Ber\u00e4knad l\u00e4stid\" \/>\n\t<meta name=\"twitter:data1\" content=\"1 minut\" \/>\n<script type=\"application\/ld+json\" class=\"yoast-schema-graph\">{\"@context\":\"https:\\\/\\\/schema.org\",\"@graph\":[{\"@type\":\"WebPage\",\"@id\":\"https:\\\/\\\/www.brunngard.com\\\/sv\\\/stockholm-fashion-week-trade\",\"url\":\"https:\\\/\\\/www.brunngard.com\\\/sv\\\/stockholm-fashion-week-trade\",\"name\":\"Stockholm Fashion Week Trade - Brunng\u00e5rd\",\"isPartOf\":{\"@id\":\"https:\\\/\\\/www.brunngard.com\\\/sv#website\"},\"datePublished\":\"2025-01-13T07:39:31+00:00\",\"dateModified\":\"2025-01-29T08:07:02+00:00\",\"breadcrumb\":{\"@id\":\"https:\\\/\\\/www.brunngard.com\\\/sv\\\/stockholm-fashion-week-trade#breadcrumb\"},\"inLanguage\":\"sv-SE\",\"potentialAction\":[{\"@type\":\"ReadAction\",\"target\":[\"https:\\\/\\\/www.brunngard.com\\\/sv\\\/stockholm-fashion-week-trade\"]}]},{\"@type\":\"BreadcrumbList\",\"@id\":\"https:\\\/\\\/www.brunngard.com\\\/sv\\\/stockholm-fashion-week-trade#breadcrumb\",\"itemListElement\":[{\"@type\":\"ListItem\",\"position\":1,\"name\":\"Hem\",\"item\":\"https:\\\/\\\/www.brunngard.com\\\/sv\"},{\"@type\":\"ListItem\",\"position\":2,\"name\":\"Stockholm Fashion Week Trade\"}]},{\"@type\":\"WebSite\",\"@id\":\"https:\\\/\\\/www.brunngard.com\\\/sv#website\",\"url\":\"https:\\\/\\\/www.brunngard.com\\\/sv\",\"name\":\"Brunng\u00e5rd\",\"description\":\"Every Step Counts\",\"publisher\":{\"@id\":\"https:\\\/\\\/www.brunngard.com\\\/sv#organization\"},\"potentialAction\":[{\"@type\":\"SearchAction\",\"target\":{\"@type\":\"EntryPoint\",\"urlTemplate\":\"https:\\\/\\\/www.brunngard.com\\\/sv?s={search_term_string}\"},\"query-input\":{\"@type\":\"PropertyValueSpecification\",\"valueRequired\":true,\"valueName\":\"search_term_string\"}}],\"inLanguage\":\"sv-SE\"},{\"@type\":\"Organization\",\"@id\":\"https:\\\/\\\/www.brunngard.com\\\/sv#organization\",\"name\":\"Brunng\u00e5rd\",\"url\":\"https:\\\/\\\/www.brunngard.com\\\/sv\",\"logo\":{\"@type\":\"ImageObject\",\"inLanguage\":\"sv-SE\",\"@id\":\"https:\\\/\\\/www.brunngard.com\\\/sv#\\\/schema\\\/logo\\\/image\\\/\",\"url\":\"https:\\\/\\\/www.brunngard.com\\\/wp-content\\\/uploads\\\/2022\\\/03\\\/bg-logo.png\",\"contentUrl\":\"https:\\\/\\\/www.brunngard.com\\\/wp-content\\\/uploads\\\/2022\\\/03\\\/bg-logo.png\",\"width\":664,\"height\":127,\"caption\":\"Brunng\u00e5rd\"},\"image\":{\"@id\":\"https:\\\/\\\/www.brunngard.com\\\/sv#\\\/schema\\\/logo\\\/image\\\/\"},\"sameAs\":[\"https:\\\/\\\/se.linkedin.com\\\/company\\\/brunngard\"]}]}<\/script>\n<!-- \/ Yoast SEO plugin. -->","yoast_head_json":{"title":"Stockholm Fashion Week Trade - Brunng\u00e5rd","robots":{"index":"index","follow":"follow","max-snippet":"max-snippet:-1","max-image-preview":"max-image-preview:large","max-video-preview":"max-video-preview:-1"},"canonical":"https:\/\/www.brunngard.com\/sv\/stockholm-fashion-week-trade","og_locale":"sv_SE","og_type":"article","og_title":"Stockholm Fashion Week Trade - Brunng\u00e5rd","og_url":"https:\/\/www.brunngard.com\/sv\/stockholm-fashion-week-trade","og_site_name":"Brunng\u00e5rd","article_modified_time":"2025-01-29T08:07:02+00:00","twitter_card":"summary_large_image","twitter_misc":{"Ber\u00e4knad l\u00e4stid":"1 minut"},"schema":{"@context":"https:\/\/schema.org","@graph":[{"@type":"WebPage","@id":"https:\/\/www.brunngard.com\/sv\/stockholm-fashion-week-trade","url":"https:\/\/www.brunngard.com\/sv\/stockholm-fashion-week-trade","name":"Stockholm Fashion Week Trade - Brunng\u00e5rd","isPartOf":{"@id":"https:\/\/www.brunngard.com\/sv#website"},"datePublished":"2025-01-13T07:39:31+00:00","dateModified":"2025-01-29T08:07:02+00:00","breadcrumb":{"@id":"https:\/\/www.brunngard.com\/sv\/stockholm-fashion-week-trade#breadcrumb"},"inLanguage":"sv-SE","potentialAction":[{"@type":"ReadAction","target":["https:\/\/www.brunngard.com\/sv\/stockholm-fashion-week-trade"]}]},{"@type":"BreadcrumbList","@id":"https:\/\/www.brunngard.com\/sv\/stockholm-fashion-week-trade#breadcrumb","itemListElement":[{"@type":"ListItem","position":1,"name":"Hem","item":"https:\/\/www.brunngard.com\/sv"},{"@type":"ListItem","position":2,"name":"Stockholm Fashion Week Trade"}]},{"@type":"WebSite","@id":"https:\/\/www.brunngard.com\/sv#website","url":"https:\/\/www.brunngard.com\/sv","name":"Brunng\u00e5rd","description":"Every Step Counts","publisher":{"@id":"https:\/\/www.brunngard.com\/sv#organization"},"potentialAction":[{"@type":"SearchAction","target":{"@type":"EntryPoint","urlTemplate":"https:\/\/www.brunngard.com\/sv?s={search_term_string}"},"query-input":{"@type":"PropertyValueSpecification","valueRequired":true,"valueName":"search_term_string"}}],"inLanguage":"sv-SE"},{"@type":"Organization","@id":"https:\/\/www.brunngard.com\/sv#organization","name":"Brunng\u00e5rd","url":"https:\/\/www.brunngard.com\/sv","logo":{"@type":"ImageObject","inLanguage":"sv-SE","@id":"https:\/\/www.brunngard.com\/sv#\/schema\/logo\/image\/","url":"https:\/\/www.brunngard.com\/wp-content\/uploads\/2022\/03\/bg-logo.png","contentUrl":"https:\/\/www.brunngard.com\/wp-content\/uploads\/2022\/03\/bg-logo.png","width":664,"height":127,"caption":"Brunng\u00e5rd"},"image":{"@id":"https:\/\/www.brunngard.com\/sv#\/schema\/logo\/image\/"},"sameAs":["https:\/\/se.linkedin.com\/company\/brunngard"]}]}},"_links":{"self":[{"href":"https:\/\/www.brunngard.com\/sv\/wp-json\/wp\/v2\/pages\/2927","targetHints":{"allow":["GET"]}}],"collection":[{"href":"https:\/\/www.brunngard.com\/sv\/wp-json\/wp\/v2\/pages"}],"about":[{"href":"https:\/\/www.brunngard.com\/sv\/wp-json\/wp\/v2\/types\/page"}],"author":[{"embeddable":true,"href":"https:\/\/www.brunngard.com\/sv\/wp-json\/wp\/v2\/users\/6"}],"replies":[{"embeddable":true,"href":"https:\/\/www.brunngard.com\/sv\/wp-json\/wp\/v2\/comments?post=2927"}],"version-history":[{"count":5,"href":"https:\/\/www.brunngard.com\/sv\/wp-json\/wp\/v2\/pages\/2927\/revisions"}],"predecessor-version":[{"id":2951,"href":"https:\/\/www.brunngard.com\/sv\/wp-json\/wp\/v2\/pages\/2927\/revisions\/2951"}],"wp:attachment":[{"href":"https:\/\/www.brunngard.com\/sv\/wp-json\/wp\/v2\/media?parent=2927"}],"curies":[{"name":"wp","href":"https:\/\/api.w.org\/{rel}","templated":true}]}}